{"id":498514,"date":"2024-08-02T01:10:09","date_gmt":"2024-08-02T05:10:09","guid":{"rendered":"https:\/\/influencesport.ca\/?post_type=product&#038;p=498514"},"modified":"2026-01-30T15:04:40","modified_gmt":"2026-01-30T20:04:40","slug":"adidas-ballon-ucl-trn","status":"publish","type":"product","link":"https:\/\/influencesport.ca\/en\/produit\/adidas-ballon-ucl-trn\/","title":{"rendered":"ADIDAS BALLON UCL TRN"},"content":{"rendered":"","protected":false},"excerpt":{"rendered":"<p><strong>D\u00e9tails sur le produit : IX4068<\/strong><\/p>\n<p>Un ballon d&#8217;entra\u00eenement accrocheur avec un design inspir\u00e9 du ballon de match de l&#8217;UCL.<\/p>\n<p>Pour marquer la naissance d&#8217;une star. Con\u00e7u pour la r\u00e9p\u00e9tition des exercices de football, ce ballon adidas UCL Training fait un clin d&#8217;\u0153il au design du ballon de match officiel de la comp\u00e9tition. Si vous souhaitez vraiment am\u00e9liorer votre jeu, sa construction cousue \u00e0 la machine et sa vessie en butyle vous inciteront \u00e0 en redemander. Une finition de style hologramme lui conf\u00e8re une belle apparence pendant que vous embellissez votre jeu.<\/p>\n","protected":false},"featured_media":499143,"template":"","meta":{"_et_pb_use_builder":"","_et_pb_old_content":"","_et_gb_content_width":""},"product_brand":[],"product_cat":[43],"product_tag":[],"class_list":{"0":"post-498514","1":"product","2":"type-product","3":"status-publish","4":"has-post-thumbnail","6":"product_cat-ballons","8":"first","9":"instock","10":"taxable","11":"shipping-taxable","12":"purchasable","13":"product-type-variable"},"tiered_pricing_type":"fixed","tiered_pricing_fixed_rules":[],"tiered_pricing_product_settings":{"layout":"default","base_unit_name":{"singular":null,"plural":null},"default_variation":null},"tiered_pricing_minimum_quantity":null,"tiered_pricing_roles_data":[],"tiered_pricing_percentage_rules":[],"_links":{"self":[{"href":"https:\/\/influencesport.ca\/en\/wp-json\/wp\/v2\/product\/498514","targetHints":{"allow":["GET"]}}],"collection":[{"href":"https:\/\/influencesport.ca\/en\/wp-json\/wp\/v2\/product"}],"about":[{"href":"https:\/\/influencesport.ca\/en\/wp-json\/wp\/v2\/types\/product"}],"wp:featuredmedia":[{"embeddable":true,"href":"https:\/\/influencesport.ca\/en\/wp-json\/wp\/v2\/media\/499143"}],"wp:attachment":[{"href":"https:\/\/influencesport.ca\/en\/wp-json\/wp\/v2\/media?parent=498514"}],"wp:term":[{"taxonomy":"product_brand","embeddable":true,"href":"https:\/\/influencesport.ca\/en\/wp-json\/wp\/v2\/product_brand?post=498514"},{"taxonomy":"product_cat","embeddable":true,"href":"https:\/\/influencesport.ca\/en\/wp-json\/wp\/v2\/product_cat?post=498514"},{"taxonomy":"product_tag","embeddable":true,"href":"https:\/\/influencesport.ca\/en\/wp-json\/wp\/v2\/product_tag?post=498514"}],"curies":[{"name":"wp","href":"https:\/\/api.w.org\/{rel}","templated":true}]}}