{"id":498411,"date":"2024-07-30T01:05:35","date_gmt":"2024-07-30T05:05:35","guid":{"rendered":"https:\/\/influencesport.ca\/?post_type=product&#038;p=498411"},"modified":"2026-02-18T15:07:33","modified_gmt":"2026-02-18T20:07:33","slug":"nike-maillot-psg","status":"publish","type":"product","link":"https:\/\/influencesport.ca\/en\/produit\/nike-maillot-psg\/","title":{"rendered":"NIKE MAILLOT PSG"},"content":{"rendered":"","protected":false},"excerpt":{"rendered":"<p><strong>D\u00e9tails sur le produit : FN9155-411<\/strong><\/p>\n<p>Notre collection Stadium associe des d\u00e9tails de r\u00e9plique \u00e0 une technologie anti-transpiration pour vous donner un look pr\u00eat \u00e0 jouer inspir\u00e9 par votre \u00e9quipe pr\u00e9f\u00e9r\u00e9e.<\/p>\n","protected":false},"featured_media":499075,"template":"","meta":{"_et_pb_use_builder":"","_et_pb_old_content":"","_et_gb_content_width":""},"product_brand":[],"product_cat":[92],"product_tag":[],"class_list":{"0":"post-498411","1":"product","2":"type-product","3":"status-publish","4":"has-post-thumbnail","6":"product_cat-articles-de-club","8":"first","9":"outofstock","10":"taxable","11":"shipping-taxable","12":"product-type-variable"},"tiered_pricing_type":"fixed","tiered_pricing_fixed_rules":[],"tiered_pricing_product_settings":{"layout":"default","base_unit_name":{"singular":null,"plural":null},"default_variation":null},"tiered_pricing_minimum_quantity":null,"tiered_pricing_roles_data":[],"tiered_pricing_percentage_rules":[],"_links":{"self":[{"href":"https:\/\/influencesport.ca\/en\/wp-json\/wp\/v2\/product\/498411","targetHints":{"allow":["GET"]}}],"collection":[{"href":"https:\/\/influencesport.ca\/en\/wp-json\/wp\/v2\/product"}],"about":[{"href":"https:\/\/influencesport.ca\/en\/wp-json\/wp\/v2\/types\/product"}],"wp:featuredmedia":[{"embeddable":true,"href":"https:\/\/influencesport.ca\/en\/wp-json\/wp\/v2\/media\/499075"}],"wp:attachment":[{"href":"https:\/\/influencesport.ca\/en\/wp-json\/wp\/v2\/media?parent=498411"}],"wp:term":[{"taxonomy":"product_brand","embeddable":true,"href":"https:\/\/influencesport.ca\/en\/wp-json\/wp\/v2\/product_brand?post=498411"},{"taxonomy":"product_cat","embeddable":true,"href":"https:\/\/influencesport.ca\/en\/wp-json\/wp\/v2\/product_cat?post=498411"},{"taxonomy":"product_tag","embeddable":true,"href":"https:\/\/influencesport.ca\/en\/wp-json\/wp\/v2\/product_tag?post=498411"}],"curies":[{"name":"wp","href":"https:\/\/api.w.org\/{rel}","templated":true}]}}