{"id":498234,"date":"2024-07-20T01:03:59","date_gmt":"2024-07-20T05:03:59","guid":{"rendered":"https:\/\/influencesport.ca\/?post_type=product&#038;p=498234"},"modified":"2026-02-06T09:08:12","modified_gmt":"2026-02-06T14:08:12","slug":"puma-future-7-pro-fg-ag","status":"publish","type":"product","link":"https:\/\/influencesport.ca\/en\/produit\/puma-future-7-pro-fg-ag\/","title":{"rendered":"PUMA FUTURE 7 PRO FG\/AG"},"content":{"rendered":"","protected":false},"excerpt":{"rendered":"<p><strong>D\u00e9tails sur le produit : 107924-01<\/strong><\/p>\n<p data-start=\"0\" data-end=\"263\">D\u00e9couvrez les nouvelles chaussures de football <strong data-start=\"47\" data-end=\"72\">Puma Future Pro FG\/AG<\/strong>, con\u00e7ues pour les joueurs les plus ambitieux sur le terrain. Avec leur design dynamique et leur technologie de pointe, ces chaussures offrent des performances exceptionnelles \u00e0 chaque match.<\/p>\n<p data-start=\"265\" data-end=\"558\">La marque <strong data-start=\"275\" data-end=\"283\">Puma<\/strong> est reconnue pour son engagement envers l\u2019innovation et la qualit\u00e9, et ces chaussures ne font pas exception. Fabriqu\u00e9es \u00e0 partir de mat\u00e9riaux haut de gamme, elles sont \u00e0 la fois l\u00e9g\u00e8res et r\u00e9sistantes, offrant un ajustement parfait et un confort optimal tout au long du jeu.<\/p>\n<p data-start=\"560\" data-end=\"911\">La technologie <strong data-start=\"575\" data-end=\"595\">Future Pro FG\/AG<\/strong> de Puma vous permet de jouer sur tous types de terrains, qu&#8217;ils soient naturels ou synth\u00e9tiques. Gr\u00e2ce \u00e0 leur semelle ext\u00e9rieure en TPU et \u00e0 leurs crampons coniques, ces chaussures offrent une adh\u00e9rence et une stabilit\u00e9 incomparables, vous permettant d\u2019effectuer des mouvements rapides et pr\u00e9cis en toute confiance.<\/p>\n<p data-start=\"913\" data-end=\"1227\">Leur tige en mesh \u00e9lastique sans lacets assure un excellent maintien tout en garantissant une grande libert\u00e9 de mouvement, pour une sensation de l\u00e9g\u00e8ret\u00e9 sur le terrain. De plus, la technologie <strong data-start=\"1107\" data-end=\"1117\">Netfit<\/strong> de Puma vous permet de personnaliser l\u2019ajustement et le serrage de vos chaussures pour un confort sur mesure.<\/p>\n<p data-start=\"1229\" data-end=\"1552\">Que vous soyez un joueur en devenir ou un professionnel aguerri, les chaussures de football <strong data-start=\"1321\" data-end=\"1346\">Puma Future Pro FG\/AG<\/strong> sont le choix id\u00e9al pour am\u00e9liorer votre jeu. Avec leur look moderne et leurs performances de haut niveau, ces chaussures vous permettront de briller sur le terrain et de vous d\u00e9marquer de vos adversaires.<\/p>\n<p data-start=\"1554\" data-end=\"1802\" data-is-last-node=\"\" data-is-only-node=\"\">Alors n\u2019attendez plus, commandez d\u00e8s maintenant vos <strong data-start=\"1606\" data-end=\"1631\">Puma Future Pro FG\/AG<\/strong> et d\u00e9couvrez la diff\u00e9rence sur le terrain. Avec Puma, vous serez pr\u00eat \u00e0 relever tous les d\u00e9fis et \u00e0 atteindre vos objectifs en tant que joueur de football de haut niveau.<\/p>\n","protected":false},"featured_media":589314,"template":"","meta":{"_et_pb_use_builder":"","_et_pb_old_content":"","_et_gb_content_width":""},"product_brand":[],"product_cat":[17,16],"product_tag":[],"class_list":{"0":"post-498234","1":"product","2":"type-product","3":"status-publish","4":"has-post-thumbnail","6":"product_cat-crampons","7":"product_cat-souliers-soccer","9":"first","10":"instock","11":"taxable","12":"shipping-taxable","13":"purchasable","14":"product-type-variable"},"tiered_pricing_type":"fixed","tiered_pricing_fixed_rules":[],"tiered_pricing_product_settings":{"layout":"default","base_unit_name":{"singular":null,"plural":null},"default_variation":null},"tiered_pricing_minimum_quantity":null,"tiered_pricing_roles_data":[],"tiered_pricing_percentage_rules":[],"_links":{"self":[{"href":"https:\/\/influencesport.ca\/en\/wp-json\/wp\/v2\/product\/498234","targetHints":{"allow":["GET"]}}],"collection":[{"href":"https:\/\/influencesport.ca\/en\/wp-json\/wp\/v2\/product"}],"about":[{"href":"https:\/\/influencesport.ca\/en\/wp-json\/wp\/v2\/types\/product"}],"wp:featuredmedia":[{"embeddable":true,"href":"https:\/\/influencesport.ca\/en\/wp-json\/wp\/v2\/media\/589314"}],"wp:attachment":[{"href":"https:\/\/influencesport.ca\/en\/wp-json\/wp\/v2\/media?parent=498234"}],"wp:term":[{"taxonomy":"product_brand","embeddable":true,"href":"https:\/\/influencesport.ca\/en\/wp-json\/wp\/v2\/product_brand?post=498234"},{"taxonomy":"product_cat","embeddable":true,"href":"https:\/\/influencesport.ca\/en\/wp-json\/wp\/v2\/product_cat?post=498234"},{"taxonomy":"product_tag","embeddable":true,"href":"https:\/\/influencesport.ca\/en\/wp-json\/wp\/v2\/product_tag?post=498234"}],"curies":[{"name":"wp","href":"https:\/\/api.w.org\/{rel}","templated":true}]}}