{"id":495965,"date":"2024-07-18T00:55:14","date_gmt":"2024-07-18T04:55:14","guid":{"rendered":"https:\/\/influencesport.ca\/?post_type=product&#038;p=495965"},"modified":"2025-06-22T10:49:09","modified_gmt":"2025-06-22T14:49:09","slug":"adidas-copa-icon-fg","status":"publish","type":"product","link":"https:\/\/influencesport.ca\/en\/produit\/adidas-copa-icon-fg\/","title":{"rendered":"Adidas Copa Icon FG"},"content":{"rendered":"","protected":false},"excerpt":{"rendered":"<p><strong>D\u00e9tails sur le produit : HQ1033<\/strong><\/p>\n<p>UNE L\u00c9GENDE DU FOOTBALL AVEC DES D\u00c9TAILS CLASSIQUES, CR\u00c9\u00c9E POUR UN TERRAIN FERME.<\/p>\n<p>Le c\u0153ur et l\u2019\u00e2me d\u2019un pur-sang de football. Bas\u00e9es sur la l\u00e9gendaire Copa Mundial, ces chaussures \u00e0 crampons adidas Copa Icon maintiennent le ballon pr\u00e8s du pied gr\u00e2ce \u00e0 un avant-pied en cuir de vache souple et \u00e9pousant le pied, pr\u00e9sentant des d\u00e9tails cousus classiques. \u00c0 l&#8217;int\u00e9rieur, une doublure de col et une languette en daim synth\u00e9tique vous assurent un confort optimal pendant que vous montrez comment c&#8217;est fait. En dessous, une semelle ext\u00e9rieure l\u00e9g\u00e8re et ferme ajoute de la stabilit\u00e9 sur le gazon naturel sec.<\/p>\n","protected":false},"featured_media":588786,"template":"","meta":{"_et_pb_use_builder":"","_et_pb_old_content":"","_et_gb_content_width":""},"product_brand":[],"product_cat":[16,17],"product_tag":[],"class_list":{"0":"post-495965","1":"product","2":"type-product","3":"status-publish","4":"has-post-thumbnail","6":"product_cat-souliers-soccer","7":"product_cat-crampons","9":"first","10":"instock","11":"taxable","12":"shipping-taxable","13":"purchasable","14":"product-type-variable"},"tiered_pricing_type":"fixed","tiered_pricing_fixed_rules":[],"tiered_pricing_product_settings":{"layout":"default","base_unit_name":{"singular":null,"plural":null},"default_variation":null},"tiered_pricing_minimum_quantity":null,"tiered_pricing_roles_data":[],"tiered_pricing_percentage_rules":[],"_links":{"self":[{"href":"https:\/\/influencesport.ca\/en\/wp-json\/wp\/v2\/product\/495965","targetHints":{"allow":["GET"]}}],"collection":[{"href":"https:\/\/influencesport.ca\/en\/wp-json\/wp\/v2\/product"}],"about":[{"href":"https:\/\/influencesport.ca\/en\/wp-json\/wp\/v2\/types\/product"}],"wp:featuredmedia":[{"embeddable":true,"href":"https:\/\/influencesport.ca\/en\/wp-json\/wp\/v2\/media\/588786"}],"wp:attachment":[{"href":"https:\/\/influencesport.ca\/en\/wp-json\/wp\/v2\/media?parent=495965"}],"wp:term":[{"taxonomy":"product_brand","embeddable":true,"href":"https:\/\/influencesport.ca\/en\/wp-json\/wp\/v2\/product_brand?post=495965"},{"taxonomy":"product_cat","embeddable":true,"href":"https:\/\/influencesport.ca\/en\/wp-json\/wp\/v2\/product_cat?post=495965"},{"taxonomy":"product_tag","embeddable":true,"href":"https:\/\/influencesport.ca\/en\/wp-json\/wp\/v2\/product_tag?post=495965"}],"curies":[{"name":"wp","href":"https:\/\/api.w.org\/{rel}","templated":true}]}}