{"id":491631,"date":"2024-06-28T01:11:49","date_gmt":"2024-06-28T05:11:49","guid":{"rendered":"https:\/\/influencesport.ca\/?post_type=product&#038;p=491631"},"modified":"2025-09-13T13:26:12","modified_gmt":"2025-09-13T17:26:12","slug":"adidas-gazelle-mls","status":"publish","type":"product","link":"https:\/\/influencesport.ca\/en\/produit\/adidas-gazelle-mls\/","title":{"rendered":"ADIDAS GAZELLE MLS"},"content":{"rendered":"","protected":false},"excerpt":{"rendered":"<p><strong>D\u00e9tails sur le produit : IH2627<\/strong><\/p>\n<p>BASKETS ADIDAS ICONIQUES DANS LES COULEURS DU TROISI\u00c8ME KIT DE L&#8217;INTER MIAMI, FABRIQU\u00c9ES EN PARTIE AVEC DES MAT\u00c9RIAUX RECYCL\u00c9S.<\/p>\n<p>Une c\u00e9l\u00e9bration des premiers pas du football \u00e0 Miami. Ces chaussures adidas Gazelle font partie d&#8217;une collection Inter Miami CF qui remonte aux ann\u00e9es 70. Partageant les couleurs du troisi\u00e8me kit accrocheur du club, ils arborent le nom de la ville sur le talon et un badge du club sur la semelle int\u00e9rieure. Cette tige en daim classique est dot\u00e9e d&#8217;une doublure douce qui vous gardera \u00e0 l&#8217;aise pendant que vous regardez en arri\u00e8re.<\/p>\n<p>Ce produit contient au moins 20 % de mat\u00e9riaux recycl\u00e9s. En r\u00e9utilisant des mat\u00e9riaux d\u00e9j\u00e0 cr\u00e9\u00e9s, nous contribuons \u00e0 r\u00e9duire les d\u00e9chets et notre d\u00e9pendance \u00e0 l&#8217;\u00e9gard de ressources limit\u00e9es et r\u00e9duisons l&#8217;empreinte des produits que nous fabriquons.<\/p>\n","protected":false},"featured_media":588755,"template":"","meta":{"_et_pb_use_builder":"","_et_pb_old_content":"","_et_gb_content_width":""},"product_brand":[],"product_cat":[1369],"product_tag":[],"class_list":{"0":"post-491631","1":"product","2":"type-product","3":"status-publish","4":"has-post-thumbnail","6":"product_cat-autres-soulier","8":"first","9":"instock","10":"taxable","11":"shipping-taxable","12":"purchasable","13":"product-type-variable"},"tiered_pricing_type":"fixed","tiered_pricing_fixed_rules":[],"tiered_pricing_product_settings":{"layout":"default","base_unit_name":{"singular":null,"plural":null},"default_variation":null},"tiered_pricing_minimum_quantity":null,"tiered_pricing_roles_data":[],"tiered_pricing_percentage_rules":[],"_links":{"self":[{"href":"https:\/\/influencesport.ca\/en\/wp-json\/wp\/v2\/product\/491631","targetHints":{"allow":["GET"]}}],"collection":[{"href":"https:\/\/influencesport.ca\/en\/wp-json\/wp\/v2\/product"}],"about":[{"href":"https:\/\/influencesport.ca\/en\/wp-json\/wp\/v2\/types\/product"}],"wp:featuredmedia":[{"embeddable":true,"href":"https:\/\/influencesport.ca\/en\/wp-json\/wp\/v2\/media\/588755"}],"wp:attachment":[{"href":"https:\/\/influencesport.ca\/en\/wp-json\/wp\/v2\/media?parent=491631"}],"wp:term":[{"taxonomy":"product_brand","embeddable":true,"href":"https:\/\/influencesport.ca\/en\/wp-json\/wp\/v2\/product_brand?post=491631"},{"taxonomy":"product_cat","embeddable":true,"href":"https:\/\/influencesport.ca\/en\/wp-json\/wp\/v2\/product_cat?post=491631"},{"taxonomy":"product_tag","embeddable":true,"href":"https:\/\/influencesport.ca\/en\/wp-json\/wp\/v2\/product_tag?post=491631"}],"curies":[{"name":"wp","href":"https:\/\/api.w.org\/{rel}","templated":true}]}}