{"id":486724,"date":"2024-06-21T00:57:28","date_gmt":"2024-06-21T04:57:28","guid":{"rendered":"https:\/\/influencesport.ca\/?post_type=product&#038;p=486724"},"modified":"2026-02-18T15:00:53","modified_gmt":"2026-02-18T20:00:53","slug":"adidas-messi-training-ball","status":"publish","type":"product","link":"https:\/\/influencesport.ca\/en\/produit\/adidas-messi-training-ball\/","title":{"rendered":"Adidas Messi Training Ball"},"content":{"rendered":"","protected":false},"excerpt":{"rendered":"<p><strong>D\u00e9tails sur le produit : JG3870<\/strong><\/p>\n<p>C\u00e9l\u00e9brez les ann\u00e9es d&#8217;or de la carri\u00e8re in\u00e9gal\u00e9e de Lionel Messi.<\/p>\n<p>Cr\u00e9\u00e9 pour vous aider \u00e0 maximiser vos comp\u00e9tences, ce ballon de football adidas Training se distingue par une couverture dor\u00e9e et le logo de la l\u00e9gende argentine. Sa coque en TPU robuste et sa construction cousue \u00e0 la machine signifient qu&#8217;il r\u00e9sistera aux coups et aux \u00e9raflures r\u00e9p\u00e9t\u00e9s tout en apprenant des meilleurs.<\/p>\n","protected":false},"featured_media":486771,"template":"","meta":{"_et_pb_use_builder":"","_et_pb_old_content":"","_et_gb_content_width":""},"product_brand":[],"product_cat":[43],"product_tag":[],"class_list":{"0":"post-486724","1":"product","2":"type-product","3":"status-publish","4":"has-post-thumbnail","6":"product_cat-ballons","8":"first","9":"instock","10":"taxable","11":"shipping-taxable","12":"purchasable","13":"product-type-variable"},"tiered_pricing_type":"fixed","tiered_pricing_fixed_rules":[],"tiered_pricing_product_settings":{"layout":"default","base_unit_name":{"singular":null,"plural":null},"default_variation":null},"tiered_pricing_minimum_quantity":null,"tiered_pricing_roles_data":[],"tiered_pricing_percentage_rules":[],"_links":{"self":[{"href":"https:\/\/influencesport.ca\/en\/wp-json\/wp\/v2\/product\/486724","targetHints":{"allow":["GET"]}}],"collection":[{"href":"https:\/\/influencesport.ca\/en\/wp-json\/wp\/v2\/product"}],"about":[{"href":"https:\/\/influencesport.ca\/en\/wp-json\/wp\/v2\/types\/product"}],"wp:featuredmedia":[{"embeddable":true,"href":"https:\/\/influencesport.ca\/en\/wp-json\/wp\/v2\/media\/486771"}],"wp:attachment":[{"href":"https:\/\/influencesport.ca\/en\/wp-json\/wp\/v2\/media?parent=486724"}],"wp:term":[{"taxonomy":"product_brand","embeddable":true,"href":"https:\/\/influencesport.ca\/en\/wp-json\/wp\/v2\/product_brand?post=486724"},{"taxonomy":"product_cat","embeddable":true,"href":"https:\/\/influencesport.ca\/en\/wp-json\/wp\/v2\/product_cat?post=486724"},{"taxonomy":"product_tag","embeddable":true,"href":"https:\/\/influencesport.ca\/en\/wp-json\/wp\/v2\/product_tag?post=486724"}],"curies":[{"name":"wp","href":"https:\/\/api.w.org\/{rel}","templated":true}]}}