{"id":486318,"date":"2024-06-15T00:59:34","date_gmt":"2024-06-15T04:59:34","guid":{"rendered":"https:\/\/influencesport.ca\/?post_type=product&#038;p=486318"},"modified":"2026-02-18T15:00:50","modified_gmt":"2026-02-18T20:00:50","slug":"adidas-arsenal-club-tre-ball","status":"publish","type":"product","link":"https:\/\/influencesport.ca\/en\/produit\/adidas-arsenal-club-tre-ball\/","title":{"rendered":"ADIDAS ARSENAL CLUB TRE BALL"},"content":{"rendered":"","protected":false},"excerpt":{"rendered":"<p><strong>D\u00e9tails sur le produit : IX4034<\/strong><\/p>\n<p>Habill\u00e9 aux couleurs vives du troisi\u00e8me maillot du club, ce ballon de football d&#8217;Arsenal Club est votre choix parfait pour les coups de pied au parc. Sa housse en polyur\u00e9thane durable met en valeur le c\u00e9l\u00e8bre canon du club ainsi qu&#8217;un tr\u00e8fle adidas classique. En dessous, une vessie en butyle r\u00e9sistante le maintient en place.<\/p>\n","protected":false},"featured_media":486460,"template":"","meta":{"_et_pb_use_builder":"","_et_pb_old_content":"","_et_gb_content_width":""},"product_brand":[],"product_cat":[43],"product_tag":[],"class_list":{"0":"post-486318","1":"product","2":"type-product","3":"status-publish","4":"has-post-thumbnail","6":"product_cat-ballons","8":"first","9":"instock","10":"taxable","11":"shipping-taxable","12":"purchasable","13":"product-type-variable"},"tiered_pricing_type":"fixed","tiered_pricing_fixed_rules":[],"tiered_pricing_product_settings":{"layout":"default","base_unit_name":{"singular":null,"plural":null},"default_variation":null},"tiered_pricing_minimum_quantity":null,"tiered_pricing_roles_data":[],"tiered_pricing_percentage_rules":[],"_links":{"self":[{"href":"https:\/\/influencesport.ca\/en\/wp-json\/wp\/v2\/product\/486318","targetHints":{"allow":["GET"]}}],"collection":[{"href":"https:\/\/influencesport.ca\/en\/wp-json\/wp\/v2\/product"}],"about":[{"href":"https:\/\/influencesport.ca\/en\/wp-json\/wp\/v2\/types\/product"}],"wp:featuredmedia":[{"embeddable":true,"href":"https:\/\/influencesport.ca\/en\/wp-json\/wp\/v2\/media\/486460"}],"wp:attachment":[{"href":"https:\/\/influencesport.ca\/en\/wp-json\/wp\/v2\/media?parent=486318"}],"wp:term":[{"taxonomy":"product_brand","embeddable":true,"href":"https:\/\/influencesport.ca\/en\/wp-json\/wp\/v2\/product_brand?post=486318"},{"taxonomy":"product_cat","embeddable":true,"href":"https:\/\/influencesport.ca\/en\/wp-json\/wp\/v2\/product_cat?post=486318"},{"taxonomy":"product_tag","embeddable":true,"href":"https:\/\/influencesport.ca\/en\/wp-json\/wp\/v2\/product_tag?post=486318"}],"curies":[{"name":"wp","href":"https:\/\/api.w.org\/{rel}","templated":true}]}}