{"id":486314,"date":"2024-06-15T00:59:25","date_gmt":"2024-06-15T04:59:25","guid":{"rendered":"https:\/\/influencesport.ca\/?post_type=product&#038;p=486314"},"modified":"2026-02-18T15:00:47","modified_gmt":"2026-02-18T20:00:47","slug":"adidas-fc-bayern-club-tre-ball","status":"publish","type":"product","link":"https:\/\/influencesport.ca\/en\/produit\/adidas-fc-bayern-club-tre-ball\/","title":{"rendered":"ADIDAS FC BAYERN CLUB TRE BALL"},"content":{"rendered":"","protected":false},"excerpt":{"rendered":"<p><strong>D\u00e9tails sur le produit : IX4031<\/strong><\/p>\n<p>D\u00e9montrez vos comp\u00e9tences avec ce ballon de football adidas Bayern Munich Club beige rouge. Ce ballon de football adidas a \u00e9t\u00e9 d\u00e9velopp\u00e9 pour l&#8217;intensit\u00e9 des matchs inattendus ou des matchs difficiles. Vivez le jeu comme un pro avec un ballon qui incarne le v\u00e9ritable esprit du championnat!<\/p>\n","protected":false},"featured_media":486467,"template":"","meta":{"_et_pb_use_builder":"","_et_pb_old_content":"","_et_gb_content_width":""},"product_brand":[],"product_cat":[43],"product_tag":[],"class_list":{"0":"post-486314","1":"product","2":"type-product","3":"status-publish","4":"has-post-thumbnail","6":"product_cat-ballons","8":"first","9":"instock","10":"taxable","11":"shipping-taxable","12":"purchasable","13":"product-type-variable"},"tiered_pricing_type":"fixed","tiered_pricing_fixed_rules":[],"tiered_pricing_product_settings":{"layout":"default","base_unit_name":{"singular":null,"plural":null},"default_variation":null},"tiered_pricing_minimum_quantity":null,"tiered_pricing_roles_data":[],"tiered_pricing_percentage_rules":[],"_links":{"self":[{"href":"https:\/\/influencesport.ca\/en\/wp-json\/wp\/v2\/product\/486314","targetHints":{"allow":["GET"]}}],"collection":[{"href":"https:\/\/influencesport.ca\/en\/wp-json\/wp\/v2\/product"}],"about":[{"href":"https:\/\/influencesport.ca\/en\/wp-json\/wp\/v2\/types\/product"}],"wp:featuredmedia":[{"embeddable":true,"href":"https:\/\/influencesport.ca\/en\/wp-json\/wp\/v2\/media\/486467"}],"wp:attachment":[{"href":"https:\/\/influencesport.ca\/en\/wp-json\/wp\/v2\/media?parent=486314"}],"wp:term":[{"taxonomy":"product_brand","embeddable":true,"href":"https:\/\/influencesport.ca\/en\/wp-json\/wp\/v2\/product_brand?post=486314"},{"taxonomy":"product_cat","embeddable":true,"href":"https:\/\/influencesport.ca\/en\/wp-json\/wp\/v2\/product_cat?post=486314"},{"taxonomy":"product_tag","embeddable":true,"href":"https:\/\/influencesport.ca\/en\/wp-json\/wp\/v2\/product_tag?post=486314"}],"curies":[{"name":"wp","href":"https:\/\/api.w.org\/{rel}","templated":true}]}}