{"id":486236,"date":"2024-06-15T00:56:43","date_gmt":"2024-06-15T04:56:43","guid":{"rendered":"https:\/\/influencesport.ca\/?post_type=product&#038;p=486236"},"modified":"2026-02-18T15:00:06","modified_gmt":"2026-02-18T20:00:06","slug":"adidas-olympics24-trn","status":"publish","type":"product","link":"https:\/\/influencesport.ca\/en\/produit\/adidas-olympics24-trn\/","title":{"rendered":"Adidas Olympics24 TRN"},"content":{"rendered":"","protected":false},"excerpt":{"rendered":"<p><strong>D\u00e9tails sur le produit : IW6330<\/strong><\/p>\n<p>UN BALLON D&#8217;ENTRA\u00ceNEMENT AU DESIGN INSPIR\u00c9 DU LIEU DE LA FINALE.<br \/>\nC\u00e9l\u00e9brant le beau jeu sur la plus grande sc\u00e8ne du sport, ce ballon de football adidas \u00cele-De-Foot 24 Training affiche les couleurs du drapeau fran\u00e7ais et des graphismes inspir\u00e9s des pistes de course \u00e0 pied. Sa housse en TPU r\u00e9sistante cousue machine et sa vessie en butyle le rendent parfaitement adapt\u00e9 \u00e0 la r\u00e9p\u00e9tition des s\u00e9ances d&#8217;entra\u00eenement. Alors d\u00e9ployez-le lorsque vous souhaitez amener vos comp\u00e9tences au plus haut niveau.<\/p>\n","protected":false},"featured_media":486516,"template":"","meta":{"_et_pb_use_builder":"","_et_pb_old_content":"","_et_gb_content_width":""},"product_brand":[],"product_cat":[43],"product_tag":[],"class_list":{"0":"post-486236","1":"product","2":"type-product","3":"status-publish","4":"has-post-thumbnail","6":"product_cat-ballons","8":"first","9":"instock","10":"taxable","11":"shipping-taxable","12":"purchasable","13":"product-type-variable"},"tiered_pricing_type":"fixed","tiered_pricing_fixed_rules":[],"tiered_pricing_product_settings":{"layout":"default","base_unit_name":{"singular":null,"plural":null},"default_variation":null},"tiered_pricing_minimum_quantity":null,"tiered_pricing_roles_data":[],"tiered_pricing_percentage_rules":[],"_links":{"self":[{"href":"https:\/\/influencesport.ca\/en\/wp-json\/wp\/v2\/product\/486236","targetHints":{"allow":["GET"]}}],"collection":[{"href":"https:\/\/influencesport.ca\/en\/wp-json\/wp\/v2\/product"}],"about":[{"href":"https:\/\/influencesport.ca\/en\/wp-json\/wp\/v2\/types\/product"}],"wp:featuredmedia":[{"embeddable":true,"href":"https:\/\/influencesport.ca\/en\/wp-json\/wp\/v2\/media\/486516"}],"wp:attachment":[{"href":"https:\/\/influencesport.ca\/en\/wp-json\/wp\/v2\/media?parent=486236"}],"wp:term":[{"taxonomy":"product_brand","embeddable":true,"href":"https:\/\/influencesport.ca\/en\/wp-json\/wp\/v2\/product_brand?post=486236"},{"taxonomy":"product_cat","embeddable":true,"href":"https:\/\/influencesport.ca\/en\/wp-json\/wp\/v2\/product_cat?post=486236"},{"taxonomy":"product_tag","embeddable":true,"href":"https:\/\/influencesport.ca\/en\/wp-json\/wp\/v2\/product_tag?post=486236"}],"curies":[{"name":"wp","href":"https:\/\/api.w.org\/{rel}","templated":true}]}}