{"id":486232,"date":"2024-06-15T00:56:35","date_gmt":"2024-06-15T04:56:35","guid":{"rendered":"https:\/\/influencesport.ca\/?post_type=product&#038;p=486232"},"modified":"2026-01-18T15:19:24","modified_gmt":"2026-01-18T20:19:24","slug":"adidas-olympics24-clb","status":"publish","type":"product","link":"https:\/\/influencesport.ca\/en\/produit\/adidas-olympics24-clb\/","title":{"rendered":"Adidas Olympics24 CLB"},"content":{"rendered":"","protected":false},"excerpt":{"rendered":"<p><strong>D\u00e9tails sur le produit : IW6328<\/strong><\/p>\n<p>UN BALLON R\u00c9CR\u00c9ATIF AU DESIGN INSPIR\u00c9 DU LIEU DES FINALES.<br \/>\nC\u00e9l\u00e9brant le beau jeu sur la plus grande sc\u00e8ne du sport, ce ballon de football adidas \u00cele-De-Foot 24 Club pr\u00e9sente des graphismes inspir\u00e9s des pistes de course. C&#8217;est parfait pour montrer vos talents de champion du monde lors des kickabouts. Sa construction cousue \u00e0 la machine et sa vessie en butyle garantissent qu&#8217;il reviendra sans cesse.<\/p>\n","protected":false},"featured_media":486521,"template":"","meta":{"_et_pb_use_builder":"","_et_pb_old_content":"","_et_gb_content_width":""},"product_brand":[],"product_cat":[43],"product_tag":[],"class_list":{"0":"post-486232","1":"product","2":"type-product","3":"status-publish","4":"has-post-thumbnail","6":"product_cat-ballons","8":"first","9":"instock","10":"taxable","11":"shipping-taxable","12":"purchasable","13":"product-type-variable"},"tiered_pricing_type":"fixed","tiered_pricing_fixed_rules":[],"tiered_pricing_product_settings":{"layout":"default","base_unit_name":{"singular":null,"plural":null},"default_variation":null},"tiered_pricing_minimum_quantity":null,"tiered_pricing_roles_data":[],"tiered_pricing_percentage_rules":[],"_links":{"self":[{"href":"https:\/\/influencesport.ca\/en\/wp-json\/wp\/v2\/product\/486232","targetHints":{"allow":["GET"]}}],"collection":[{"href":"https:\/\/influencesport.ca\/en\/wp-json\/wp\/v2\/product"}],"about":[{"href":"https:\/\/influencesport.ca\/en\/wp-json\/wp\/v2\/types\/product"}],"wp:featuredmedia":[{"embeddable":true,"href":"https:\/\/influencesport.ca\/en\/wp-json\/wp\/v2\/media\/486521"}],"wp:attachment":[{"href":"https:\/\/influencesport.ca\/en\/wp-json\/wp\/v2\/media?parent=486232"}],"wp:term":[{"taxonomy":"product_brand","embeddable":true,"href":"https:\/\/influencesport.ca\/en\/wp-json\/wp\/v2\/product_brand?post=486232"},{"taxonomy":"product_cat","embeddable":true,"href":"https:\/\/influencesport.ca\/en\/wp-json\/wp\/v2\/product_cat?post=486232"},{"taxonomy":"product_tag","embeddable":true,"href":"https:\/\/influencesport.ca\/en\/wp-json\/wp\/v2\/product_tag?post=486232"}],"curies":[{"name":"wp","href":"https:\/\/api.w.org\/{rel}","templated":true}]}}