{"id":485632,"date":"2024-06-07T00:51:57","date_gmt":"2024-06-07T04:51:57","guid":{"rendered":"https:\/\/influencesport.ca\/?post_type=product&#038;p=485632"},"modified":"2026-03-15T10:38:59","modified_gmt":"2026-03-15T14:38:59","slug":"adidas-starlancer-club-blanc-bleu","status":"publish","type":"product","link":"https:\/\/influencesport.ca\/en\/produit\/adidas-starlancer-club-blanc-bleu\/","title":{"rendered":"Adidas Starlancer Club Blanc\/Bleu"},"content":{"rendered":"","protected":false},"excerpt":{"rendered":"<p><strong>D\u00e9tails sur le produit : FS6121<\/strong><\/p>\n<p>UNE BALLE R\u00c9SISTANTE POUR LES M\u00c9LANGES.<\/p>\n<p>Peignez des images sur le terrain de football avec le ballon adidas Starlancer Club. Se distinguant par ses graphismes de style coup de pinceau, il est cousu \u00e0 la machine pour une durabilit\u00e9 \u00e0 toute \u00e9preuve. La vessie en butyle signifie que vous passerez moins de temps \u00e0 la gonfler et plus de temps \u00e0 lancer des balles dans le parc.<\/p>\n","protected":false},"featured_media":486779,"template":"","meta":{"_et_pb_use_builder":"","_et_pb_old_content":"","_et_gb_content_width":""},"product_brand":[],"product_cat":[43],"product_tag":[],"class_list":{"0":"post-485632","1":"product","2":"type-product","3":"status-publish","4":"has-post-thumbnail","6":"product_cat-ballons","8":"first","9":"instock","10":"taxable","11":"shipping-taxable","12":"purchasable","13":"product-type-variable"},"tiered_pricing_type":"fixed","tiered_pricing_fixed_rules":[],"tiered_pricing_product_settings":{"layout":"default","base_unit_name":{"singular":null,"plural":null},"default_variation":null},"tiered_pricing_minimum_quantity":null,"tiered_pricing_roles_data":[],"tiered_pricing_percentage_rules":[],"_links":{"self":[{"href":"https:\/\/influencesport.ca\/en\/wp-json\/wp\/v2\/product\/485632","targetHints":{"allow":["GET"]}}],"collection":[{"href":"https:\/\/influencesport.ca\/en\/wp-json\/wp\/v2\/product"}],"about":[{"href":"https:\/\/influencesport.ca\/en\/wp-json\/wp\/v2\/types\/product"}],"wp:featuredmedia":[{"embeddable":true,"href":"https:\/\/influencesport.ca\/en\/wp-json\/wp\/v2\/media\/486779"}],"wp:attachment":[{"href":"https:\/\/influencesport.ca\/en\/wp-json\/wp\/v2\/media?parent=485632"}],"wp:term":[{"taxonomy":"product_brand","embeddable":true,"href":"https:\/\/influencesport.ca\/en\/wp-json\/wp\/v2\/product_brand?post=485632"},{"taxonomy":"product_cat","embeddable":true,"href":"https:\/\/influencesport.ca\/en\/wp-json\/wp\/v2\/product_cat?post=485632"},{"taxonomy":"product_tag","embeddable":true,"href":"https:\/\/influencesport.ca\/en\/wp-json\/wp\/v2\/product_tag?post=485632"}],"curies":[{"name":"wp","href":"https:\/\/api.w.org\/{rel}","templated":true}]}}