{"id":483904,"date":"2024-05-01T00:51:42","date_gmt":"2024-05-01T04:51:42","guid":{"rendered":"https:\/\/influencesport.ca\/?post_type=product&#038;p=483904"},"modified":"2025-11-15T15:58:15","modified_gmt":"2025-11-15T20:58:15","slug":"nike-phantom-gx-ii-pro-tf-3","status":"publish","type":"product","link":"https:\/\/influencesport.ca\/en\/produit\/nike-phantom-gx-ii-pro-tf-3\/","title":{"rendered":"Nike Phantom GX II Pro TF"},"content":{"rendered":"","protected":false},"excerpt":{"rendered":"<p><strong>D\u00e9tails du produit : FJ2583-600<\/strong><\/p>\n<p>Vous \u00eates s\u00e9rieux dans votre jeu ? Nous avons cr\u00e9\u00e9 cette chaussure pour vous. Au milieu de la temp\u00eate, alors que le chaos tourbillonne autour de vous, vous avez tranquillement trouv\u00e9 le dernier tiers du terrain, gr\u00e2ce \u00e0 votre m\u00e9lange \u00e9trange de ruse et de gr\u00e2ce sur le ballon. Allez finir le travail avec la Phantom GX 2 Pro. Faites passer vos comp\u00e9tences au niveau sup\u00e9rieur avec certaines des plus grandes innovations de Nike, comme une tige Flyknit extensible et une traction Nike Cyclone 360 \u200b\u200bqui guide votre agilit\u00e9 impr\u00e9visible.<\/p>\n","protected":false},"featured_media":583367,"template":"","meta":{"_et_pb_use_builder":"","_et_pb_old_content":"","_et_gb_content_width":""},"product_brand":[],"product_cat":[16,84],"product_tag":[],"class_list":{"0":"post-483904","1":"product","2":"type-product","3":"status-publish","4":"has-post-thumbnail","6":"product_cat-souliers-soccer","7":"product_cat-terrain-synthetique","9":"first","10":"instock","11":"taxable","12":"shipping-taxable","13":"purchasable","14":"product-type-variable"},"tiered_pricing_type":"fixed","tiered_pricing_fixed_rules":[],"tiered_pricing_product_settings":{"layout":"default","base_unit_name":{"singular":null,"plural":null},"default_variation":null},"tiered_pricing_minimum_quantity":null,"tiered_pricing_roles_data":[],"tiered_pricing_percentage_rules":[],"_links":{"self":[{"href":"https:\/\/influencesport.ca\/en\/wp-json\/wp\/v2\/product\/483904","targetHints":{"allow":["GET"]}}],"collection":[{"href":"https:\/\/influencesport.ca\/en\/wp-json\/wp\/v2\/product"}],"about":[{"href":"https:\/\/influencesport.ca\/en\/wp-json\/wp\/v2\/types\/product"}],"wp:featuredmedia":[{"embeddable":true,"href":"https:\/\/influencesport.ca\/en\/wp-json\/wp\/v2\/media\/583367"}],"wp:attachment":[{"href":"https:\/\/influencesport.ca\/en\/wp-json\/wp\/v2\/media?parent=483904"}],"wp:term":[{"taxonomy":"product_brand","embeddable":true,"href":"https:\/\/influencesport.ca\/en\/wp-json\/wp\/v2\/product_brand?post=483904"},{"taxonomy":"product_cat","embeddable":true,"href":"https:\/\/influencesport.ca\/en\/wp-json\/wp\/v2\/product_cat?post=483904"},{"taxonomy":"product_tag","embeddable":true,"href":"https:\/\/influencesport.ca\/en\/wp-json\/wp\/v2\/product_tag?post=483904"}],"curies":[{"name":"wp","href":"https:\/\/api.w.org\/{rel}","templated":true}]}}