{"id":483480,"date":"2024-04-23T00:56:58","date_gmt":"2024-04-23T04:56:58","guid":{"rendered":"https:\/\/influencesport.ca\/?post_type=product&#038;p=483480"},"modified":"2026-03-28T15:28:52","modified_gmt":"2026-03-28T19:28:52","slug":"nike-veste-psg-youth","status":"publish","type":"product","link":"https:\/\/influencesport.ca\/en\/produit\/nike-veste-psg-youth\/","title":{"rendered":"Nike Veste PSG Youth"},"content":{"rendered":"","protected":false},"excerpt":{"rendered":"<p><strong>D\u00e9tails sur le produit : FQ0029-411<\/strong><\/p>\n<p>La technologie Nike Dri-FIT \u00e9vacue la transpiration de votre peau pour une \u00e9vaporation plus rapide, vous aidant \u00e0 rester au sec et \u00e0 l&#8217;aise.<br \/>\nLe tissu en tricot respirant est doux et lisse.<\/p>\n","protected":false},"featured_media":523671,"template":"","meta":{"_et_pb_use_builder":"","_et_pb_old_content":"","_et_gb_content_width":""},"product_brand":[],"product_cat":[92,1378,20],"product_tag":[],"class_list":{"0":"post-483480","1":"product","2":"type-product","3":"status-publish","4":"has-post-thumbnail","6":"product_cat-articles-de-club","7":"product_cat-vestes-vetements","8":"product_cat-vetements","10":"first","11":"instock","12":"taxable","13":"shipping-taxable","14":"purchasable","15":"product-type-variable"},"tiered_pricing_type":"fixed","tiered_pricing_fixed_rules":[],"tiered_pricing_product_settings":{"layout":"default","base_unit_name":{"singular":null,"plural":null},"default_variation":null},"tiered_pricing_minimum_quantity":null,"tiered_pricing_roles_data":[],"tiered_pricing_percentage_rules":[],"_links":{"self":[{"href":"https:\/\/influencesport.ca\/en\/wp-json\/wp\/v2\/product\/483480","targetHints":{"allow":["GET"]}}],"collection":[{"href":"https:\/\/influencesport.ca\/en\/wp-json\/wp\/v2\/product"}],"about":[{"href":"https:\/\/influencesport.ca\/en\/wp-json\/wp\/v2\/types\/product"}],"wp:featuredmedia":[{"embeddable":true,"href":"https:\/\/influencesport.ca\/en\/wp-json\/wp\/v2\/media\/523671"}],"wp:attachment":[{"href":"https:\/\/influencesport.ca\/en\/wp-json\/wp\/v2\/media?parent=483480"}],"wp:term":[{"taxonomy":"product_brand","embeddable":true,"href":"https:\/\/influencesport.ca\/en\/wp-json\/wp\/v2\/product_brand?post=483480"},{"taxonomy":"product_cat","embeddable":true,"href":"https:\/\/influencesport.ca\/en\/wp-json\/wp\/v2\/product_cat?post=483480"},{"taxonomy":"product_tag","embeddable":true,"href":"https:\/\/influencesport.ca\/en\/wp-json\/wp\/v2\/product_tag?post=483480"}],"curies":[{"name":"wp","href":"https:\/\/api.w.org\/{rel}","templated":true}]}}