{"id":483476,"date":"2024-04-23T00:56:51","date_gmt":"2024-04-23T04:56:51","guid":{"rendered":"https:\/\/influencesport.ca\/?post_type=product&#038;p=483476"},"modified":"2026-02-18T14:56:45","modified_gmt":"2026-02-18T19:56:45","slug":"nike-fff-club-adjustable-cap","status":"publish","type":"product","link":"https:\/\/influencesport.ca\/en\/produit\/nike-fff-club-adjustable-cap\/","title":{"rendered":"Nike FFF Club Adjustable Cap"},"content":{"rendered":"","protected":false},"excerpt":{"rendered":"<p><strong>D\u00e9tails sur le produit : FN5027-421<\/strong><\/p>\n<p>Casquette Nike r\u00e9glable<br \/>\nCompl\u00e8te ton look de match avec cette casquette FFF. Cette casquette classique affiche des d\u00e9tails de l&#8217;\u00e9quipe nationale pour repr\u00e9senter le pays.<\/p>\n<p>\u0152illets brod\u00e9s pour plus de respirabilit\u00e9.<br \/>\nSangle r\u00e9glable \u00e0 l&#8217;arri\u00e8re pour l&#8217;ajuster comme tu veux.<\/p>\n<p><b>Plus de d\u00e9tails<\/b><\/p>\n<ul>\n<li>100\u00a0% polyester<\/li>\n<li>Lavage \u00e0 la main<\/li>\n<li>Import\u00e9<\/li>\n<li>100% POLYESTER<\/li>\n<\/ul>\n","protected":false},"featured_media":483979,"template":"","meta":{"_et_pb_use_builder":"","_et_pb_old_content":"","_et_gb_content_width":""},"product_brand":[],"product_cat":[92,1382,20],"product_tag":[],"class_list":{"0":"post-483476","1":"product","2":"type-product","3":"status-publish","4":"has-post-thumbnail","6":"product_cat-articles-de-club","7":"product_cat-chapeaux-vetements","8":"product_cat-vetements","10":"first","11":"instock","12":"taxable","13":"shipping-taxable","14":"purchasable","15":"product-type-variable"},"tiered_pricing_type":"fixed","tiered_pricing_fixed_rules":[],"tiered_pricing_product_settings":{"layout":"default","base_unit_name":{"singular":null,"plural":null},"default_variation":null},"tiered_pricing_minimum_quantity":null,"tiered_pricing_roles_data":[],"tiered_pricing_percentage_rules":[],"_links":{"self":[{"href":"https:\/\/influencesport.ca\/en\/wp-json\/wp\/v2\/product\/483476","targetHints":{"allow":["GET"]}}],"collection":[{"href":"https:\/\/influencesport.ca\/en\/wp-json\/wp\/v2\/product"}],"about":[{"href":"https:\/\/influencesport.ca\/en\/wp-json\/wp\/v2\/types\/product"}],"wp:featuredmedia":[{"embeddable":true,"href":"https:\/\/influencesport.ca\/en\/wp-json\/wp\/v2\/media\/483979"}],"wp:attachment":[{"href":"https:\/\/influencesport.ca\/en\/wp-json\/wp\/v2\/media?parent=483476"}],"wp:term":[{"taxonomy":"product_brand","embeddable":true,"href":"https:\/\/influencesport.ca\/en\/wp-json\/wp\/v2\/product_brand?post=483476"},{"taxonomy":"product_cat","embeddable":true,"href":"https:\/\/influencesport.ca\/en\/wp-json\/wp\/v2\/product_cat?post=483476"},{"taxonomy":"product_tag","embeddable":true,"href":"https:\/\/influencesport.ca\/en\/wp-json\/wp\/v2\/product_tag?post=483476"}],"curies":[{"name":"wp","href":"https:\/\/api.w.org\/{rel}","templated":true}]}}