{"id":483315,"date":"2024-04-18T01:12:32","date_gmt":"2024-04-18T05:12:32","guid":{"rendered":"https:\/\/influencesport.ca\/?post_type=product&#038;p=483315"},"modified":"2026-02-18T14:56:13","modified_gmt":"2026-02-18T19:56:13","slug":"nike-protege-tibia-charge-youth","status":"publish","type":"product","link":"https:\/\/influencesport.ca\/en\/produit\/nike-protege-tibia-charge-youth\/","title":{"rendered":"NIke Prot\u00e8ge-Tibia Charge Youth"},"content":{"rendered":"","protected":false},"excerpt":{"rendered":"<p><strong>D\u00e9tails sur le produit : DX4610-101<\/strong><\/p>\n<p>Nike charge<br \/>\nProt\u00e8ge-tibias de football pour enfants<br \/>\nGardez le jeu amusant, mais gardez-le en s\u00e9curit\u00e9. Cette conception comprend une coque rigide pour une couverture discr\u00e8te et un dos en mousse pour plus de confort.<\/p>\n<p>Plus de d\u00e9tails<\/p>\n<p>43 % polypropyl\u00e8ne (PP)\/33 % \u00e9thyl\u00e8ne-ac\u00e9tate de vinyle (EVA)\/17 % polyester\/7 % caoutchouc<\/p>\n<p>Lavage des mains<\/p>\n","protected":false},"featured_media":485951,"template":"","meta":{"_et_pb_use_builder":"","_et_pb_old_content":"","_et_gb_content_width":""},"product_brand":[],"product_cat":[1374,1054],"product_tag":[],"class_list":{"0":"post-483315","1":"product","2":"type-product","3":"status-publish","4":"has-post-thumbnail","6":"product_cat-avec-chevillieres-proteges-tibias","7":"product_cat-proteges-tibias","9":"first","10":"instock","11":"taxable","12":"shipping-taxable","13":"purchasable","14":"product-type-variable"},"tiered_pricing_type":"fixed","tiered_pricing_fixed_rules":[],"tiered_pricing_product_settings":{"layout":"default","base_unit_name":{"singular":null,"plural":null},"default_variation":null},"tiered_pricing_minimum_quantity":null,"tiered_pricing_roles_data":[],"tiered_pricing_percentage_rules":[],"_links":{"self":[{"href":"https:\/\/influencesport.ca\/en\/wp-json\/wp\/v2\/product\/483315","targetHints":{"allow":["GET"]}}],"collection":[{"href":"https:\/\/influencesport.ca\/en\/wp-json\/wp\/v2\/product"}],"about":[{"href":"https:\/\/influencesport.ca\/en\/wp-json\/wp\/v2\/types\/product"}],"wp:featuredmedia":[{"embeddable":true,"href":"https:\/\/influencesport.ca\/en\/wp-json\/wp\/v2\/media\/485951"}],"wp:attachment":[{"href":"https:\/\/influencesport.ca\/en\/wp-json\/wp\/v2\/media?parent=483315"}],"wp:term":[{"taxonomy":"product_brand","embeddable":true,"href":"https:\/\/influencesport.ca\/en\/wp-json\/wp\/v2\/product_brand?post=483315"},{"taxonomy":"product_cat","embeddable":true,"href":"https:\/\/influencesport.ca\/en\/wp-json\/wp\/v2\/product_cat?post=483315"},{"taxonomy":"product_tag","embeddable":true,"href":"https:\/\/influencesport.ca\/en\/wp-json\/wp\/v2\/product_tag?post=483315"}],"curies":[{"name":"wp","href":"https:\/\/api.w.org\/{rel}","templated":true}]}}