{"id":482479,"date":"2024-04-11T01:02:31","date_gmt":"2024-04-11T05:02:31","guid":{"rendered":"https:\/\/influencesport.ca\/?post_type=product&#038;p=482479"},"modified":"2026-02-18T14:55:50","modified_gmt":"2026-02-18T19:55:50","slug":"adidas-team-icon-23-jersey-youth","status":"publish","type":"product","link":"https:\/\/influencesport.ca\/en\/produit\/adidas-team-icon-23-jersey-youth\/","title":{"rendered":"Adidas Team Icon 23 Jersey Youth"},"content":{"rendered":"","protected":false},"excerpt":{"rendered":"<p><strong>D\u00e9tails sur le produit : HR2653<\/strong><\/p>\n<p>UN MAILLOT \u00c9VACUANT L&#8217;HUMIDIT\u00c9 AVEC L&#8217;ADN DU FOOTBALL DES ANN\u00c9ES 80, FABRIQU\u00c9 AVEC MAT\u00c9RIAUX RECYCL\u00c9S.<\/p>\n<p>Montrez vos comp\u00e9tences tout en affichant un look de football embl\u00e9matique. Le motif g\u00e9om\u00e9trique subtil sur le devant de ce maillot junior remonte aux kits Adidas classiques de la fin des ann\u00e9es 80. Dans les coulisses, la technologie AEROREADY qui absorbe l&#8217;humidit\u00e9 travaille dur pour que vous et vos co\u00e9quipiers vous sentiez aussi bien que vous en avez l&#8217;air. Fabriqu\u00e9 avec des mat\u00e9riaux 100% recycl\u00e9s, ce produit ne repr\u00e9sente qu&#8217;une de nos solutions pour mettre fin aux d\u00e9chets plastiques.<\/p>\n","protected":false},"featured_media":582572,"template":"","meta":{"_et_pb_use_builder":"","_et_pb_old_content":"","_et_gb_content_width":""},"product_brand":[],"product_cat":[1376,20],"product_tag":[],"class_list":{"0":"post-482479","1":"product","2":"type-product","3":"status-publish","4":"has-post-thumbnail","6":"product_cat-chandails-vetements","7":"product_cat-vetements","9":"first","10":"instock","11":"taxable","12":"shipping-taxable","13":"purchasable","14":"product-type-variable"},"tiered_pricing_type":"fixed","tiered_pricing_fixed_rules":[],"tiered_pricing_product_settings":{"layout":"default","base_unit_name":{"singular":null,"plural":null},"default_variation":null},"tiered_pricing_minimum_quantity":null,"tiered_pricing_roles_data":[],"tiered_pricing_percentage_rules":[],"_links":{"self":[{"href":"https:\/\/influencesport.ca\/en\/wp-json\/wp\/v2\/product\/482479","targetHints":{"allow":["GET"]}}],"collection":[{"href":"https:\/\/influencesport.ca\/en\/wp-json\/wp\/v2\/product"}],"about":[{"href":"https:\/\/influencesport.ca\/en\/wp-json\/wp\/v2\/types\/product"}],"wp:featuredmedia":[{"embeddable":true,"href":"https:\/\/influencesport.ca\/en\/wp-json\/wp\/v2\/media\/582572"}],"wp:attachment":[{"href":"https:\/\/influencesport.ca\/en\/wp-json\/wp\/v2\/media?parent=482479"}],"wp:term":[{"taxonomy":"product_brand","embeddable":true,"href":"https:\/\/influencesport.ca\/en\/wp-json\/wp\/v2\/product_brand?post=482479"},{"taxonomy":"product_cat","embeddable":true,"href":"https:\/\/influencesport.ca\/en\/wp-json\/wp\/v2\/product_cat?post=482479"},{"taxonomy":"product_tag","embeddable":true,"href":"https:\/\/influencesport.ca\/en\/wp-json\/wp\/v2\/product_tag?post=482479"}],"curies":[{"name":"wp","href":"https:\/\/api.w.org\/{rel}","templated":true}]}}