{"id":480986,"date":"2026-01-28T10:55:00","date_gmt":"2026-01-28T15:55:00","guid":{"rendered":"https:\/\/influencesport.ca\/?post_type=product&#038;p=480986"},"modified":"2026-04-09T10:38:44","modified_gmt":"2026-04-09T14:38:44","slug":"ballon-adidas-2","status":"publish","type":"product","link":"https:\/\/influencesport.ca\/en\/produit\/ballon-adidas-2\/","title":{"rendered":"Ballon Adidas"},"content":{"rendered":"","protected":false},"excerpt":{"rendered":"<p>Size : 3, 4, 5<\/p>\n<p>1. Choisir les items, les grandeurs et la quantit\u00e9 que vous d\u00e9sirez.<br \/>\n2. Ajouter les items \u00e0 votre panier.<br \/>\n3. Lorsque vous avez termin\u00e9 votre magasinage, cliquez sur Passer la commande.<br \/>\n4. S\u2019il s\u2019agit de votre premi\u00e8re commande, vous allez devoir remplir les champs obligatoires afin de cr\u00e9er votre compte en ligne.<br \/>\n5. La seule m\u00e9thode de livraison disponible est la livraison \u00e0 l\u2019\u00e9cole (sans frais).<br \/>\n6. Il est donc important de mettre le nom de l\u2019\u00e9l\u00e8ve et son ann\u00e9e scolaire dans les Informations de la commande.<br \/>\n7. Vous pouvez payer par Visa ou Mastercard.<br \/>\n8. Une fois le paiement s\u00e9curis\u00e9 effectu\u00e9 vous serez redirig\u00e9s vers notre site o\u00f9 vous aurez votre confirmation de commande.<\/p>\n","protected":false},"featured_media":582798,"template":"","meta":{"_et_pb_use_builder":"","_et_pb_old_content":"","_et_gb_content_width":""},"product_brand":[],"product_cat":[1208],"product_tag":[],"class_list":{"0":"post-480986","1":"product","2":"type-product","3":"status-publish","4":"has-post-thumbnail","6":"product_cat-club-soccer-st-charles-de-bellechasse","7":"product_shipping_class-ecole-organisation","9":"first","10":"instock","11":"taxable","12":"shipping-taxable","13":"purchasable","14":"product-type-variable"},"tiered_pricing_type":"fixed","tiered_pricing_fixed_rules":[],"tiered_pricing_product_settings":{"layout":"default","base_unit_name":{"singular":null,"plural":null},"default_variation":null},"tiered_pricing_minimum_quantity":null,"tiered_pricing_roles_data":[],"tiered_pricing_percentage_rules":[],"_links":{"self":[{"href":"https:\/\/influencesport.ca\/en\/wp-json\/wp\/v2\/product\/480986","targetHints":{"allow":["GET"]}}],"collection":[{"href":"https:\/\/influencesport.ca\/en\/wp-json\/wp\/v2\/product"}],"about":[{"href":"https:\/\/influencesport.ca\/en\/wp-json\/wp\/v2\/types\/product"}],"wp:featuredmedia":[{"embeddable":true,"href":"https:\/\/influencesport.ca\/en\/wp-json\/wp\/v2\/media\/582798"}],"wp:attachment":[{"href":"https:\/\/influencesport.ca\/en\/wp-json\/wp\/v2\/media?parent=480986"}],"wp:term":[{"taxonomy":"product_brand","embeddable":true,"href":"https:\/\/influencesport.ca\/en\/wp-json\/wp\/v2\/product_brand?post=480986"},{"taxonomy":"product_cat","embeddable":true,"href":"https:\/\/influencesport.ca\/en\/wp-json\/wp\/v2\/product_cat?post=480986"},{"taxonomy":"product_tag","embeddable":true,"href":"https:\/\/influencesport.ca\/en\/wp-json\/wp\/v2\/product_tag?post=480986"}],"curies":[{"name":"wp","href":"https:\/\/api.w.org\/{rel}","templated":true}]}}