{"id":480622,"date":"2026-01-28T10:45:01","date_gmt":"2026-01-28T15:45:01","guid":{"rendered":"https:\/\/influencesport.ca\/?post_type=product&#038;p=480622"},"modified":"2026-04-09T10:27:30","modified_gmt":"2026-04-09T14:27:30","slug":"protege-tibias-nike","status":"publish","type":"product","link":"https:\/\/influencesport.ca\/en\/produit\/protege-tibias-nike\/","title":{"rendered":"Prot\u00e8ge-Tibias Nike"},"content":{"rendered":"","protected":false},"excerpt":{"rendered":"<p>1. Choisir les items, les grandeurs et la quantit\u00e9 que vous d\u00e9sirez.<\/p>\n<p>2. Ajouter les items \u00e0 votre panier.<\/p>\n<p>3. Lorsque vous avez termin\u00e9 votre magasinage, cliquez sur Passer la commande.<\/p>\n<p>4. S\u2019il s\u2019agit de votre premi\u00e8re commande, vous allez devoir remplir les champs obligatoires afin de cr\u00e9er votre compte en ligne.<\/p>\n<p>5. La seule m\u00e9thode de livraison disponible est la livraison \u00e0 l\u2019\u00e9cole (sans frais).<\/p>\n<p>6. Il est donc important de mettre le nom de l\u2019\u00e9l\u00e8ve et son ann\u00e9e scolaire dans les Informations de la commande.<\/p>\n<p>7. Vous pouvez payer par Visa ou Mastercard.<\/p>\n<p>8. Une fois le paiement s\u00e9curis\u00e9 effectu\u00e9 vous serez redirig\u00e9s vers notre site o\u00f9 vous aurez votre confirmation de commande.<\/p>\n","protected":false},"featured_media":480333,"template":"","meta":{"_et_pb_use_builder":"","_et_pb_old_content":"","_et_gb_content_width":""},"product_brand":[],"product_cat":[1208],"product_tag":[],"class_list":{"0":"post-480622","1":"product","2":"type-product","3":"status-publish","4":"has-post-thumbnail","6":"product_cat-club-soccer-st-charles-de-bellechasse","7":"product_shipping_class-ecole-organisation","9":"first","10":"instock","11":"taxable","12":"shipping-taxable","13":"purchasable","14":"product-type-variable"},"tiered_pricing_type":"fixed","tiered_pricing_fixed_rules":[],"tiered_pricing_product_settings":{"layout":"default","base_unit_name":{"singular":null,"plural":null},"default_variation":null},"tiered_pricing_minimum_quantity":null,"tiered_pricing_roles_data":[],"tiered_pricing_percentage_rules":[],"_links":{"self":[{"href":"https:\/\/influencesport.ca\/en\/wp-json\/wp\/v2\/product\/480622","targetHints":{"allow":["GET"]}}],"collection":[{"href":"https:\/\/influencesport.ca\/en\/wp-json\/wp\/v2\/product"}],"about":[{"href":"https:\/\/influencesport.ca\/en\/wp-json\/wp\/v2\/types\/product"}],"wp:featuredmedia":[{"embeddable":true,"href":"https:\/\/influencesport.ca\/en\/wp-json\/wp\/v2\/media\/480333"}],"wp:attachment":[{"href":"https:\/\/influencesport.ca\/en\/wp-json\/wp\/v2\/media?parent=480622"}],"wp:term":[{"taxonomy":"product_brand","embeddable":true,"href":"https:\/\/influencesport.ca\/en\/wp-json\/wp\/v2\/product_brand?post=480622"},{"taxonomy":"product_cat","embeddable":true,"href":"https:\/\/influencesport.ca\/en\/wp-json\/wp\/v2\/product_cat?post=480622"},{"taxonomy":"product_tag","embeddable":true,"href":"https:\/\/influencesport.ca\/en\/wp-json\/wp\/v2\/product_tag?post=480622"}],"curies":[{"name":"wp","href":"https:\/\/api.w.org\/{rel}","templated":true}]}}