{"id":479598,"date":"2024-03-27T01:02:33","date_gmt":"2024-03-27T05:02:33","guid":{"rendered":"https:\/\/influencesport.ca\/?post_type=product&#038;p=479598"},"modified":"2026-01-30T15:04:25","modified_gmt":"2026-01-30T20:04:25","slug":"adidas-tiro-24-parka-m","status":"publish","type":"product","link":"https:\/\/influencesport.ca\/en\/produit\/adidas-tiro-24-parka-m\/","title":{"rendered":"Tiro 24 Parka M"},"content":{"rendered":"","protected":false},"excerpt":{"rendered":"<p><strong>D\u00e9tails sur le produit : IJ7391<\/strong><\/p>\n<p>Quelle que soit la m\u00e9t\u00e9o, restez pr\u00eat sur le terrain. Que vous regardiez le match ou que vous vous pr\u00e9pariez \u00e0 entrer dans l&#8217;action, cette parka de football adidas Tiro 24 vous gardera au chaud gr\u00e2ce \u00e0 son isolation en polyester et ses poches en polaire. Sa finition d\u00e9perlante et son rabat-temp\u00eate vous prot\u00e8gent \u00e9galement des pluies l\u00e9g\u00e8res. Mieux encore, son look \u00e9pur\u00e9 lui permet de passer facilement du terrain \u00e0 la rue, pour que vous puissiez la porter \u00e0 la maison. Ce produit est fabriqu\u00e9 avec au moins 70 % de mat\u00e9riaux recycl\u00e9s. En r\u00e9utilisant des mat\u00e9riaux d\u00e9j\u00e0 cr\u00e9\u00e9s, nous contribuons \u00e0 r\u00e9duire les d\u00e9chets et notre d\u00e9pendance aux ressources limit\u00e9es, ainsi qu&#8217;\u00e0 r\u00e9duire l&#8217;empreinte carbone de nos produits.<\/p>\n","protected":false},"featured_media":582496,"template":"","meta":{"_et_pb_use_builder":"","_et_pb_old_content":"","_et_gb_content_width":""},"product_brand":[],"product_cat":[1380,20],"product_tag":[],"class_list":{"0":"post-479598","1":"product","2":"type-product","3":"status-publish","4":"has-post-thumbnail","6":"product_cat-manteaux-vetements","7":"product_cat-vetements","9":"first","10":"instock","11":"taxable","12":"shipping-taxable","13":"purchasable","14":"product-type-variable"},"tiered_pricing_type":"fixed","tiered_pricing_fixed_rules":[],"tiered_pricing_product_settings":{"layout":"default","base_unit_name":{"singular":null,"plural":null},"default_variation":null},"tiered_pricing_minimum_quantity":null,"tiered_pricing_roles_data":[],"tiered_pricing_percentage_rules":[],"_links":{"self":[{"href":"https:\/\/influencesport.ca\/en\/wp-json\/wp\/v2\/product\/479598","targetHints":{"allow":["GET"]}}],"collection":[{"href":"https:\/\/influencesport.ca\/en\/wp-json\/wp\/v2\/product"}],"about":[{"href":"https:\/\/influencesport.ca\/en\/wp-json\/wp\/v2\/types\/product"}],"wp:featuredmedia":[{"embeddable":true,"href":"https:\/\/influencesport.ca\/en\/wp-json\/wp\/v2\/media\/582496"}],"wp:attachment":[{"href":"https:\/\/influencesport.ca\/en\/wp-json\/wp\/v2\/media?parent=479598"}],"wp:term":[{"taxonomy":"product_brand","embeddable":true,"href":"https:\/\/influencesport.ca\/en\/wp-json\/wp\/v2\/product_brand?post=479598"},{"taxonomy":"product_cat","embeddable":true,"href":"https:\/\/influencesport.ca\/en\/wp-json\/wp\/v2\/product_cat?post=479598"},{"taxonomy":"product_tag","embeddable":true,"href":"https:\/\/influencesport.ca\/en\/wp-json\/wp\/v2\/product_tag?post=479598"}],"curies":[{"name":"wp","href":"https:\/\/api.w.org\/{rel}","templated":true}]}}