{"id":479576,"date":"2024-03-26T01:03:36","date_gmt":"2024-03-26T05:03:36","guid":{"rendered":"https:\/\/influencesport.ca\/?post_type=product&#038;p=479576"},"modified":"2026-03-21T15:48:07","modified_gmt":"2026-03-21T19:48:07","slug":"nike-classic-socks-football-navy","status":"publish","type":"product","link":"https:\/\/influencesport.ca\/en\/produit\/nike-classic-socks-football-navy\/","title":{"rendered":"Nike Classic Socks Football Navy"},"content":{"rendered":"","protected":false},"excerpt":{"rendered":"<p><strong>D\u00e9tails sur le produit : SX5728-410<\/strong><\/p>\n<p>COUVRANT LES MOLLETS, SOUTIEN ANTI-TRANSPIRATION.<\/p>\n<p>La chaussette Nike Classic 2 est con\u00e7ue avec une vo\u00fbte dynamique et un amorti l\u00e9ger pour un ajustement et une sensation de maintien pendant le jeu.<\/p>\n<ul>\n<li>La technologie Dri-FIT aide \u00e0 garder les pieds au sec et confortables.<\/li>\n<li>Le rembourrage dans les zones \u00e0 forte usure aide \u00e0 absorber les impacts.<\/li>\n<li>La vo\u00fbte dynamique offre un ajustement et une sensation de soutien.<\/li>\n<li>Les chaussettes anatomiques gauche et droite sont con\u00e7ues pour un ajustement naturel.<\/li>\n<li>Talon et pointe renforc\u00e9s<\/li>\n<li>Tissu 97% nylon3% spandex<\/li>\n<li>Lavage en machine<\/li>\n<li>Import\u00e9<\/li>\n<\/ul>\n","protected":false},"featured_media":485823,"template":"","meta":{"_et_pb_use_builder":"","_et_pb_old_content":"","_et_gb_content_width":""},"product_brand":[],"product_cat":[1049],"product_tag":[],"class_list":{"0":"post-479576","1":"product","2":"type-product","3":"status-publish","4":"has-post-thumbnail","6":"product_cat-bas-soccer","8":"first","9":"instock","10":"taxable","11":"shipping-taxable","12":"purchasable","13":"product-type-variable"},"tiered_pricing_type":"fixed","tiered_pricing_fixed_rules":[],"tiered_pricing_product_settings":{"layout":"default","base_unit_name":{"singular":null,"plural":null},"default_variation":null},"tiered_pricing_minimum_quantity":null,"tiered_pricing_roles_data":[],"tiered_pricing_percentage_rules":[],"_links":{"self":[{"href":"https:\/\/influencesport.ca\/en\/wp-json\/wp\/v2\/product\/479576","targetHints":{"allow":["GET"]}}],"collection":[{"href":"https:\/\/influencesport.ca\/en\/wp-json\/wp\/v2\/product"}],"about":[{"href":"https:\/\/influencesport.ca\/en\/wp-json\/wp\/v2\/types\/product"}],"wp:featuredmedia":[{"embeddable":true,"href":"https:\/\/influencesport.ca\/en\/wp-json\/wp\/v2\/media\/485823"}],"wp:attachment":[{"href":"https:\/\/influencesport.ca\/en\/wp-json\/wp\/v2\/media?parent=479576"}],"wp:term":[{"taxonomy":"product_brand","embeddable":true,"href":"https:\/\/influencesport.ca\/en\/wp-json\/wp\/v2\/product_brand?post=479576"},{"taxonomy":"product_cat","embeddable":true,"href":"https:\/\/influencesport.ca\/en\/wp-json\/wp\/v2\/product_cat?post=479576"},{"taxonomy":"product_tag","embeddable":true,"href":"https:\/\/influencesport.ca\/en\/wp-json\/wp\/v2\/product_tag?post=479576"}],"curies":[{"name":"wp","href":"https:\/\/api.w.org\/{rel}","templated":true}]}}