{"id":479496,"date":"2024-03-26T01:00:49","date_gmt":"2024-03-26T05:00:49","guid":{"rendered":"https:\/\/influencesport.ca\/?post_type=product&#038;p=479496"},"modified":"2026-02-18T14:54:27","modified_gmt":"2026-02-18T19:54:27","slug":"nike-vapor-strike-gripsock-2","status":"publish","type":"product","link":"https:\/\/influencesport.ca\/en\/produit\/nike-vapor-strike-gripsock-2\/","title":{"rendered":"Nike Vapor Strike Gripsock"},"content":{"rendered":"","protected":false},"excerpt":{"rendered":"<p><strong>D\u00e9tails sur le produit : DH6613-010<\/strong><\/p>\n<p>NikeGrip Vapor Strike<br \/>\nChaussettes mi-mollet de football<br \/>\nJouez et entra\u00eenez-vous en toute confiance. La technologie adh\u00e9rente emp\u00eache votre pied de glisser dans la chaussure \u00e0 crampons, et la technologie anti-transpiration vous permet de rester au sec et de b\u00e9n\u00e9ficier d&#8217;un maximum de confort tout au long du match.<\/p>\n<p>La technologie NikeGrip emp\u00eache le pied de glisser dans la chaussure \u00e0 crampons.<br \/>\nLa technologie Nike Dri-FIT \u00e9vacue la transpiration pour une \u00e9vaporation plus rapide. Vous restez au sec et profitez d\u2019un confort total.<\/p>\n<p><b>Plus de d\u00e9tails :<\/b><\/p>\n<ul>\n<li>86\u00a0% polyester \/ 9\u00a0% \u00e9lasthanne \/ 5\u00a0% nylon<\/li>\n<li>Lavable en machine<\/li>\n<li>Import\u00e9<\/li>\n<\/ul>\n","protected":false},"featured_media":482854,"template":"","meta":{"_et_pb_use_builder":"","_et_pb_old_content":"","_et_gb_content_width":""},"product_brand":[],"product_cat":[76,1406,1049],"product_tag":[],"class_list":{"0":"post-479496","1":"product","2":"type-product","3":"status-publish","4":"has-post-thumbnail","6":"product_cat-accessoires-nike","7":"product_cat-bas-grip","8":"product_cat-bas-soccer","10":"first","11":"instock","12":"taxable","13":"shipping-taxable","14":"purchasable","15":"product-type-variable"},"tiered_pricing_type":"fixed","tiered_pricing_fixed_rules":[],"tiered_pricing_product_settings":{"layout":"default","base_unit_name":{"singular":null,"plural":null},"default_variation":null},"tiered_pricing_minimum_quantity":null,"tiered_pricing_roles_data":[],"tiered_pricing_percentage_rules":[],"_links":{"self":[{"href":"https:\/\/influencesport.ca\/en\/wp-json\/wp\/v2\/product\/479496","targetHints":{"allow":["GET"]}}],"collection":[{"href":"https:\/\/influencesport.ca\/en\/wp-json\/wp\/v2\/product"}],"about":[{"href":"https:\/\/influencesport.ca\/en\/wp-json\/wp\/v2\/types\/product"}],"wp:featuredmedia":[{"embeddable":true,"href":"https:\/\/influencesport.ca\/en\/wp-json\/wp\/v2\/media\/482854"}],"wp:attachment":[{"href":"https:\/\/influencesport.ca\/en\/wp-json\/wp\/v2\/media?parent=479496"}],"wp:term":[{"taxonomy":"product_brand","embeddable":true,"href":"https:\/\/influencesport.ca\/en\/wp-json\/wp\/v2\/product_brand?post=479496"},{"taxonomy":"product_cat","embeddable":true,"href":"https:\/\/influencesport.ca\/en\/wp-json\/wp\/v2\/product_cat?post=479496"},{"taxonomy":"product_tag","embeddable":true,"href":"https:\/\/influencesport.ca\/en\/wp-json\/wp\/v2\/product_tag?post=479496"}],"curies":[{"name":"wp","href":"https:\/\/api.w.org\/{rel}","templated":true}]}}