{"id":478730,"date":"2024-03-19T01:00:44","date_gmt":"2024-03-19T05:00:44","guid":{"rendered":"https:\/\/influencesport.ca\/?post_type=product&#038;p=478730"},"modified":"2025-07-09T22:49:16","modified_gmt":"2025-07-10T02:49:16","slug":"nike-zoom-superfly-9-mds-elite-fg","status":"publish","type":"product","link":"https:\/\/influencesport.ca\/en\/produit\/nike-zoom-superfly-9-mds-elite-fg\/","title":{"rendered":"Nike Zoom Superfly 9 MDS Elite FG"},"content":{"rendered":"","protected":false},"excerpt":{"rendered":"<p><strong>D\u00e9tails sur le produit : FJ7186-300<\/strong><\/p>\n<p>Cristiano Ronaldo Nike Superfly 9 Elite Mercurial Dream Speed<br \/>\nChaussures de football montantes FG<br \/>\nCristiano Ronaldo ne serait pas le comp\u00e9titeur qu\u2019il est sans revers. Con\u00e7ue pour les obs\u00e9d\u00e9s du jeu, cette version du Superfly 9 Elite pr\u00e9sente des ondulations perturbatrices qui symbolisent les sagas que nous subissons tandis que les verts \u00e9nergiques repr\u00e9sentent la perc\u00e9e qui se produit lorsque nous surmontons les obstacles. Vous disposez \u00e9galement d&#8217;une unit\u00e9 Air Zoom sp\u00e9cifique au football, afin que vous puissiez appuyer sur la p\u00e9dale dans les derni\u00e8res minutes d&#8217;un match, quand cela compte le plus.<\/p>\n<p>Sensation \u00e9lastique sous le pied<br \/>\nL&#8217;unit\u00e9 Air Zoom 3\/4 de longueur se trouve dans la semelle ext\u00e9rieure et offre un autre niveau de sensation \u00e9lastique sous le pied qui vous aide \u00e0 vous d\u00e9placer rapidement sur le terrain. Cela cr\u00e9e une s\u00e9paration lorsque cela compte le plus, que vous marquiez des buts, que vous soyez le premier \u00e0 toucher le ballon ou que vous passiez devant les d\u00e9fenseurs.<br \/>\nCreusez, d\u00e9collez<br \/>\nLes crampons Tri-Star offrent une traction multidirectionnelle \u00e0 chaque pas, afin que vous puissiez changer de direction rapidement et en toute confiance. Les crampons au talon assurent traction et stabilit\u00e9 lors du freinage. Les crampons centraux au niveau des orteils vous offrent une traction lors des d\u00e9marrages rapides.<br \/>\nAjustement am\u00e9lior\u00e9<br \/>\nFlyknit enveloppe votre cheville dans un tissu doux et extensible pour une sensation de s\u00e9curit\u00e9. Un design refait am\u00e9liore l&#8217;ajustement, de sorte qu&#8217;il simule mieux le pied. Nous y sommes parvenus en effectuant plusieurs tests d&#8217;usure sur des centaines d&#8217;athl\u00e8tes. Le r\u00e9sultat est une pointe plus profil\u00e9e et un meilleur ajustement au talon.<br \/>\nSentez le ballon<br \/>\nLa tige est fabriqu\u00e9e en Vaporposite+, qui combine un maillage grillag\u00e9 adh\u00e9rent avec une doublure de qualit\u00e9 sup\u00e9rieure pour un contr\u00f4le optimal du ballon \u00e0 grande vitesse. La doublure offre une sensation tactile sur toute la surface de la tige. Il est doux, mais stable et s\u2019enroule \u00e9troitement autour de votre pied. La souplesse offre une sensation de balle plus naturelle pour dribbler, passer ou marquer.<br \/>\nConduisez votre vitesse<br \/>\nLa cage de vitesse \u00e0 l&#8217;int\u00e9rieur de la structure est constitu\u00e9e d&#8217;un mat\u00e9riau fin mais solide qui fixe le pied \u00e0 la semelle ext\u00e9rieure sans ajouter de poids.<\/p>\n<p>Plus de d\u00e9tails<\/p>\n<p>\u00c0 utiliser sur les champs \u00e0 herbe courte l\u00e9g\u00e8rement humides<\/p>\n<p>Semelle int\u00e9rieure coussin\u00e9e<\/p>\n","protected":false},"featured_media":538754,"template":"","meta":{"_et_pb_use_builder":"","_et_pb_old_content":"","_et_gb_content_width":""},"product_brand":[],"product_cat":[16,17],"product_tag":[],"class_list":{"0":"post-478730","1":"product","2":"type-product","3":"status-publish","4":"has-post-thumbnail","6":"product_cat-souliers-soccer","7":"product_cat-crampons","9":"first","10":"outofstock","11":"taxable","12":"shipping-taxable","13":"product-type-variable"},"tiered_pricing_type":"fixed","tiered_pricing_fixed_rules":[],"tiered_pricing_product_settings":{"layout":"default","base_unit_name":{"singular":null,"plural":null},"default_variation":null},"tiered_pricing_minimum_quantity":null,"tiered_pricing_roles_data":[],"tiered_pricing_percentage_rules":[],"_links":{"self":[{"href":"https:\/\/influencesport.ca\/en\/wp-json\/wp\/v2\/product\/478730","targetHints":{"allow":["GET"]}}],"collection":[{"href":"https:\/\/influencesport.ca\/en\/wp-json\/wp\/v2\/product"}],"about":[{"href":"https:\/\/influencesport.ca\/en\/wp-json\/wp\/v2\/types\/product"}],"wp:featuredmedia":[{"embeddable":true,"href":"https:\/\/influencesport.ca\/en\/wp-json\/wp\/v2\/media\/538754"}],"wp:attachment":[{"href":"https:\/\/influencesport.ca\/en\/wp-json\/wp\/v2\/media?parent=478730"}],"wp:term":[{"taxonomy":"product_brand","embeddable":true,"href":"https:\/\/influencesport.ca\/en\/wp-json\/wp\/v2\/product_brand?post=478730"},{"taxonomy":"product_cat","embeddable":true,"href":"https:\/\/influencesport.ca\/en\/wp-json\/wp\/v2\/product_cat?post=478730"},{"taxonomy":"product_tag","embeddable":true,"href":"https:\/\/influencesport.ca\/en\/wp-json\/wp\/v2\/product_tag?post=478730"}],"curies":[{"name":"wp","href":"https:\/\/api.w.org\/{rel}","templated":true}]}}