{"id":476929,"date":"2024-02-23T00:58:54","date_gmt":"2024-02-23T05:58:54","guid":{"rendered":"https:\/\/influencesport.ca\/?post_type=product&#038;p=476929"},"modified":"2026-02-18T14:53:19","modified_gmt":"2026-02-18T19:53:19","slug":"babolat-tennis-all-court","status":"publish","type":"product","link":"https:\/\/influencesport.ca\/en\/produit\/babolat-tennis-all-court\/","title":{"rendered":"Babolat Tennis All Court"},"content":{"rendered":"","protected":false},"excerpt":{"rendered":"<p><strong>D\u00e9tails sur le produit : 30S24649-4116<\/strong><\/p>\n<p>D\u00e9couvrez le Babolat Jet Tere 2, con\u00e7u pour les joueurs de tennis agiles \u00e0 la recherche de performances l\u00e9g\u00e8res. Con\u00e7u comme le mod\u00e8le le plus l\u00e9ger de la gamme Babolat, il offre un confort et une stabilit\u00e9 am\u00e9lior\u00e9s sans sacrifier la vitesse. La tige profil\u00e9e et la maille respirante assurent une sensation de l\u00e9g\u00e8ret\u00e9, tandis que les renforts lat\u00e9raux int\u00e9gr\u00e9s offrent un soutien essentiel. Avec une semelle interm\u00e9diaire 5 % plus \u00e9paisse pour un amorti suppl\u00e9mentaire et une semelle ext\u00e9rieure renforc\u00e9e pour plus de durabilit\u00e9, la Jet Tere 2 est con\u00e7ue pour r\u00e9sister aux exigences d&#8217;un jeu intense. Des fonctionnalit\u00e9s avanc\u00e9es telles que le maillage monocouche, la protection de l&#8217;avant-pied en caoutchouc, la semelle int\u00e9rieure OrthoLite Molded, l&#8217;amorti KPRSX, la technologie Active Flexion et le caoutchouc Michelin Premium Tennis garantissent une agilit\u00e9, un confort et une durabilit\u00e9 sup\u00e9rieurs sur le terrain. Am\u00e9liorez votre jeu avec le Babolat Jet Tere 2 et dominez chaque match en toute confiance.<\/p>\n","protected":false},"featured_media":582430,"template":"","meta":{"_et_pb_use_builder":"","_et_pb_old_content":"","_et_gb_content_width":""},"product_brand":[],"product_cat":[1369],"product_tag":[],"class_list":{"0":"post-476929","1":"product","2":"type-product","3":"status-publish","4":"has-post-thumbnail","6":"product_cat-autres-soulier","8":"first","9":"instock","10":"taxable","11":"shipping-taxable","12":"purchasable","13":"product-type-variable"},"tiered_pricing_type":"fixed","tiered_pricing_fixed_rules":[],"tiered_pricing_product_settings":{"layout":"default","base_unit_name":{"singular":null,"plural":null},"default_variation":null},"tiered_pricing_minimum_quantity":null,"tiered_pricing_roles_data":[],"tiered_pricing_percentage_rules":[],"_links":{"self":[{"href":"https:\/\/influencesport.ca\/en\/wp-json\/wp\/v2\/product\/476929","targetHints":{"allow":["GET"]}}],"collection":[{"href":"https:\/\/influencesport.ca\/en\/wp-json\/wp\/v2\/product"}],"about":[{"href":"https:\/\/influencesport.ca\/en\/wp-json\/wp\/v2\/types\/product"}],"wp:featuredmedia":[{"embeddable":true,"href":"https:\/\/influencesport.ca\/en\/wp-json\/wp\/v2\/media\/582430"}],"wp:attachment":[{"href":"https:\/\/influencesport.ca\/en\/wp-json\/wp\/v2\/media?parent=476929"}],"wp:term":[{"taxonomy":"product_brand","embeddable":true,"href":"https:\/\/influencesport.ca\/en\/wp-json\/wp\/v2\/product_brand?post=476929"},{"taxonomy":"product_cat","embeddable":true,"href":"https:\/\/influencesport.ca\/en\/wp-json\/wp\/v2\/product_cat?post=476929"},{"taxonomy":"product_tag","embeddable":true,"href":"https:\/\/influencesport.ca\/en\/wp-json\/wp\/v2\/product_tag?post=476929"}],"curies":[{"name":"wp","href":"https:\/\/api.w.org\/{rel}","templated":true}]}}