{"id":476916,"date":"2024-02-23T00:58:30","date_gmt":"2024-02-23T05:58:30","guid":{"rendered":"https:\/\/influencesport.ca\/?post_type=product&#038;p=476916"},"modified":"2025-06-14T15:41:08","modified_gmt":"2025-06-14T19:41:08","slug":"babolat-tennis-all-court-men","status":"publish","type":"product","link":"https:\/\/influencesport.ca\/en\/produit\/babolat-tennis-all-court-men\/","title":{"rendered":"Babolat Tennis All Court Men"},"content":{"rendered":"","protected":false},"excerpt":{"rendered":"<p><strong>D\u00e9tails sur le produit : 30S24555-2042<\/strong><\/p>\n<p>La SFX EVO est la chaussure de tennis id\u00e9ale pour les joueurs amateurs \u00e0 confirm\u00e9s, \u00e0 la recherche de confort sur toutes les surfaces. Son volume plus large \u00e0 l\u2019avant pied et sa conception taill\u00e9e pour le confort, promettent une exp\u00e9rience \u00ab first fit \u00bb sans \u00e9gal. Si vous avez un pied qualifi\u00e9 de \u00ab fort \u00bb, plut\u00f4t large, cette chaussure vous conviendra parfaitement. C\u00f4t\u00e9 design, nous avons conserv\u00e9 la souplesse et le maintien caract\u00e9ristiques d\u2019une chaussure de tennis tout en apportant un look unique et \u00e9pur\u00e9 pour vous accompagner lors de toutes vos parties.<\/p>\n","protected":false},"featured_media":582428,"template":"","meta":{"_et_pb_use_builder":"","_et_pb_old_content":"","_et_gb_content_width":""},"product_brand":[],"product_cat":[1369],"product_tag":[],"class_list":{"0":"post-476916","1":"product","2":"type-product","3":"status-publish","4":"has-post-thumbnail","6":"product_cat-autres-soulier","8":"first","9":"instock","10":"taxable","11":"shipping-taxable","12":"purchasable","13":"product-type-variable"},"tiered_pricing_type":"fixed","tiered_pricing_fixed_rules":[],"tiered_pricing_product_settings":{"layout":"default","base_unit_name":{"singular":null,"plural":null},"default_variation":null},"tiered_pricing_minimum_quantity":null,"tiered_pricing_roles_data":[],"tiered_pricing_percentage_rules":[],"_links":{"self":[{"href":"https:\/\/influencesport.ca\/en\/wp-json\/wp\/v2\/product\/476916","targetHints":{"allow":["GET"]}}],"collection":[{"href":"https:\/\/influencesport.ca\/en\/wp-json\/wp\/v2\/product"}],"about":[{"href":"https:\/\/influencesport.ca\/en\/wp-json\/wp\/v2\/types\/product"}],"wp:featuredmedia":[{"embeddable":true,"href":"https:\/\/influencesport.ca\/en\/wp-json\/wp\/v2\/media\/582428"}],"wp:attachment":[{"href":"https:\/\/influencesport.ca\/en\/wp-json\/wp\/v2\/media?parent=476916"}],"wp:term":[{"taxonomy":"product_brand","embeddable":true,"href":"https:\/\/influencesport.ca\/en\/wp-json\/wp\/v2\/product_brand?post=476916"},{"taxonomy":"product_cat","embeddable":true,"href":"https:\/\/influencesport.ca\/en\/wp-json\/wp\/v2\/product_cat?post=476916"},{"taxonomy":"product_tag","embeddable":true,"href":"https:\/\/influencesport.ca\/en\/wp-json\/wp\/v2\/product_tag?post=476916"}],"curies":[{"name":"wp","href":"https:\/\/api.w.org\/{rel}","templated":true}]}}