{"id":476903,"date":"2024-02-23T00:58:06","date_gmt":"2024-02-23T05:58:06","guid":{"rendered":"https:\/\/influencesport.ca\/?post_type=product&#038;p=476903"},"modified":"2025-04-17T18:14:39","modified_gmt":"2025-04-17T22:14:39","slug":"babolat-propulse-fury-3-all-court-men","status":"publish","type":"product","link":"https:\/\/influencesport.ca\/en\/produit\/babolat-propulse-fury-3-all-court-men\/","title":{"rendered":"Babolat Propulse Fury 3 All Court Men"},"content":{"rendered":"","protected":false},"excerpt":{"rendered":"<p><strong>D\u00e9tails sur le produit : 30S23208-1005<\/strong><\/p>\n<p>Entrez sur le terrain avec la toute nouvelle Propulse Fury 3. La chaussure la plus embl\u00e9matique de Babolat se r\u00e9invente tout en restant fid\u00e8le \u00e0 son ADN. Cette chaussure Babolat offre un maintien dynamique vous permettant de d\u00e9passer vos limites sur le terrain. Babolat offre un excellent maintien du pied avec la Fury 3 gr\u00e2ce \u00e0 sa sangle Powerbelt qui s&#8217;enroule autour du m\u00e9dio-pied et offre un maintien lat\u00e9ral exceptionnel avec un ajustement sur mesure. Le Propulse Fury 3 offre un excellent confort gr\u00e2ce \u00e0 l&#8217;utilisation d&#8217;une mousse EVA tr\u00e8s flexible connue sous le nom de KPRS-X qui aide \u00e0 absorber les chocs. Le Propulse 3 est con\u00e7u pour le rendre ultra-dynamique et con\u00e7u pour vous donner encore plus de poids sur le terrain.<\/p>\n","protected":false},"featured_media":582426,"template":"","meta":{"_et_pb_use_builder":"","_et_pb_old_content":"","_et_gb_content_width":""},"product_brand":[],"product_cat":[1369],"product_tag":[],"class_list":{"0":"post-476903","1":"product","2":"type-product","3":"status-publish","4":"has-post-thumbnail","6":"product_cat-autres-soulier","8":"first","9":"instock","10":"taxable","11":"shipping-taxable","12":"purchasable","13":"product-type-variable"},"tiered_pricing_type":"fixed","tiered_pricing_fixed_rules":[],"tiered_pricing_product_settings":{"layout":"default","base_unit_name":{"singular":null,"plural":null},"default_variation":null},"tiered_pricing_minimum_quantity":null,"tiered_pricing_roles_data":[],"tiered_pricing_percentage_rules":[],"_links":{"self":[{"href":"https:\/\/influencesport.ca\/en\/wp-json\/wp\/v2\/product\/476903","targetHints":{"allow":["GET"]}}],"collection":[{"href":"https:\/\/influencesport.ca\/en\/wp-json\/wp\/v2\/product"}],"about":[{"href":"https:\/\/influencesport.ca\/en\/wp-json\/wp\/v2\/types\/product"}],"wp:featuredmedia":[{"embeddable":true,"href":"https:\/\/influencesport.ca\/en\/wp-json\/wp\/v2\/media\/582426"}],"wp:attachment":[{"href":"https:\/\/influencesport.ca\/en\/wp-json\/wp\/v2\/media?parent=476903"}],"wp:term":[{"taxonomy":"product_brand","embeddable":true,"href":"https:\/\/influencesport.ca\/en\/wp-json\/wp\/v2\/product_brand?post=476903"},{"taxonomy":"product_cat","embeddable":true,"href":"https:\/\/influencesport.ca\/en\/wp-json\/wp\/v2\/product_cat?post=476903"},{"taxonomy":"product_tag","embeddable":true,"href":"https:\/\/influencesport.ca\/en\/wp-json\/wp\/v2\/product_tag?post=476903"}],"curies":[{"name":"wp","href":"https:\/\/api.w.org\/{rel}","templated":true}]}}