{"id":473518,"date":"2024-01-19T01:01:39","date_gmt":"2024-01-19T06:01:39","guid":{"rendered":"https:\/\/influencesport.ca\/?post_type=product&#038;p=473518"},"modified":"2026-01-28T15:46:48","modified_gmt":"2026-01-28T20:46:48","slug":"ua-ms-team-polo","status":"publish","type":"product","link":"https:\/\/influencesport.ca\/en\/produit\/ua-ms-team-polo\/","title":{"rendered":"UA M&#8217;s Team Polo"},"content":{"rendered":"","protected":false},"excerpt":{"rendered":"<p><strong>D\u00e9tails sur le produit : 1376904-600<\/strong><\/p>\n<ul>\n<li>Tissu doux qui ne peluche pas, ne s&#8217;effiloche pas, tout en \u00e9tant extr\u00eamement l\u00e9ger et respirant<\/li>\n<li>Mati\u00e8re qui \u00e9vacue la sueur et s\u00e8che tr\u00e8s rapidement<\/li>\n<li>Extensible et souple pour une plus grande libert\u00e9 de mouvement<\/li>\n<li>Technologie anti-odeurs qui emp\u00eache la prolif\u00e9ration des microbes qui causent les odeurs<\/li>\n<li>Indice de protection UV 30 qui prot\u00e8ge la peau des rayons nocifs du soleil<\/li>\n<li>D\u00e9tails bicolores sur le col et les manches<\/li>\n<\/ul>\n","protected":false},"featured_media":473526,"template":"","meta":{"_et_pb_use_builder":"","_et_pb_old_content":"","_et_gb_content_width":""},"product_brand":[],"product_cat":[1791,20],"product_tag":[],"class_list":{"0":"post-473518","1":"product","2":"type-product","3":"status-publish","4":"has-post-thumbnail","6":"product_cat-polo","7":"product_cat-vetements","9":"first","10":"instock","11":"taxable","12":"shipping-taxable","13":"purchasable","14":"product-type-variable"},"tiered_pricing_type":"fixed","tiered_pricing_fixed_rules":[],"tiered_pricing_product_settings":{"layout":"default","base_unit_name":{"singular":null,"plural":null},"default_variation":null},"tiered_pricing_minimum_quantity":null,"tiered_pricing_roles_data":[],"tiered_pricing_percentage_rules":[],"_links":{"self":[{"href":"https:\/\/influencesport.ca\/en\/wp-json\/wp\/v2\/product\/473518","targetHints":{"allow":["GET"]}}],"collection":[{"href":"https:\/\/influencesport.ca\/en\/wp-json\/wp\/v2\/product"}],"about":[{"href":"https:\/\/influencesport.ca\/en\/wp-json\/wp\/v2\/types\/product"}],"wp:featuredmedia":[{"embeddable":true,"href":"https:\/\/influencesport.ca\/en\/wp-json\/wp\/v2\/media\/473526"}],"wp:attachment":[{"href":"https:\/\/influencesport.ca\/en\/wp-json\/wp\/v2\/media?parent=473518"}],"wp:term":[{"taxonomy":"product_brand","embeddable":true,"href":"https:\/\/influencesport.ca\/en\/wp-json\/wp\/v2\/product_brand?post=473518"},{"taxonomy":"product_cat","embeddable":true,"href":"https:\/\/influencesport.ca\/en\/wp-json\/wp\/v2\/product_cat?post=473518"},{"taxonomy":"product_tag","embeddable":true,"href":"https:\/\/influencesport.ca\/en\/wp-json\/wp\/v2\/product_tag?post=473518"}],"curies":[{"name":"wp","href":"https:\/\/api.w.org\/{rel}","templated":true}]}}