{"id":473448,"date":"2024-01-18T01:07:54","date_gmt":"2024-01-18T06:07:54","guid":{"rendered":"https:\/\/influencesport.ca\/?post_type=product&#038;p=473448"},"modified":"2026-04-14T20:02:36","modified_gmt":"2026-04-15T00:02:36","slug":"adidas-protege-tibia-tiro-match","status":"publish","type":"product","link":"https:\/\/influencesport.ca\/en\/produit\/adidas-protege-tibia-tiro-match\/","title":{"rendered":"Adidas Prot\u00e8ge-Tibia Tiro Match"},"content":{"rendered":"","protected":false},"excerpt":{"rendered":"<p><strong>D\u00e9tails sur le produit : IP3997<\/strong><\/p>\n<ul class=\"gl-list\">\n<li class=\"gl-vspace-bpall-small\">80 % polypropyl\u00e8ne, 20 % polypropyl\u00e8ne recycl\u00e9 moul\u00e9 par injection.<\/li>\n<li class=\"gl-vspace-bpall-small\">Renfort en EVA.<\/li>\n<li class=\"gl-vspace-bpall-small\">Coque rigide.<\/li>\n<li class=\"gl-vspace-bpall-small\">Fermeture par scratch ajustable \u00e0 l&#8217;avant.<\/li>\n<\/ul>\n<ul class=\"gl-list\">\n<li class=\"gl-vspace-bpall-small\">Chevill\u00e8re.<\/li>\n<li class=\"gl-vspace-bpall-small\">Couleur du produit : Black \/ Gold Metallic \/ White<\/li>\n<\/ul>\n","protected":false},"featured_media":473600,"template":"","meta":{"_et_pb_use_builder":"","_et_pb_old_content":"","_et_gb_content_width":""},"product_brand":[],"product_cat":[1374,1054],"product_tag":[],"class_list":{"0":"post-473448","1":"product","2":"type-product","3":"status-publish","4":"has-post-thumbnail","6":"product_cat-avec-chevillieres-proteges-tibias","7":"product_cat-proteges-tibias","9":"first","10":"instock","11":"taxable","12":"shipping-taxable","13":"purchasable","14":"product-type-variable"},"tiered_pricing_type":"fixed","tiered_pricing_fixed_rules":[],"tiered_pricing_product_settings":{"layout":"default","base_unit_name":{"singular":null,"plural":null},"default_variation":null},"tiered_pricing_minimum_quantity":null,"tiered_pricing_roles_data":[],"tiered_pricing_percentage_rules":[],"_links":{"self":[{"href":"https:\/\/influencesport.ca\/en\/wp-json\/wp\/v2\/product\/473448","targetHints":{"allow":["GET"]}}],"collection":[{"href":"https:\/\/influencesport.ca\/en\/wp-json\/wp\/v2\/product"}],"about":[{"href":"https:\/\/influencesport.ca\/en\/wp-json\/wp\/v2\/types\/product"}],"wp:featuredmedia":[{"embeddable":true,"href":"https:\/\/influencesport.ca\/en\/wp-json\/wp\/v2\/media\/473600"}],"wp:attachment":[{"href":"https:\/\/influencesport.ca\/en\/wp-json\/wp\/v2\/media?parent=473448"}],"wp:term":[{"taxonomy":"product_brand","embeddable":true,"href":"https:\/\/influencesport.ca\/en\/wp-json\/wp\/v2\/product_brand?post=473448"},{"taxonomy":"product_cat","embeddable":true,"href":"https:\/\/influencesport.ca\/en\/wp-json\/wp\/v2\/product_cat?post=473448"},{"taxonomy":"product_tag","embeddable":true,"href":"https:\/\/influencesport.ca\/en\/wp-json\/wp\/v2\/product_tag?post=473448"}],"curies":[{"name":"wp","href":"https:\/\/api.w.org\/{rel}","templated":true}]}}