{"id":473026,"date":"2024-01-13T01:03:22","date_gmt":"2024-01-13T06:03:22","guid":{"rendered":"https:\/\/influencesport.ca\/?post_type=product&#038;p=473026"},"modified":"2025-12-28T10:29:27","modified_gmt":"2025-12-28T15:29:27","slug":"adidas-predator-glove-training-jr-2","status":"publish","type":"product","link":"https:\/\/influencesport.ca\/en\/produit\/adidas-predator-glove-training-jr-2\/","title":{"rendered":"Adidas Predator Glove Training Jr"},"content":{"rendered":"","protected":false},"excerpt":{"rendered":"<p><strong>D\u00e9tails du produit : IW6281<\/strong><\/p>\n<p>D\u00e9veloppez vos comp\u00e9tences entre les b\u00e2tons. Ces gants adidas Predator Training junior sont destin\u00e9s aux jeunes gardiens qui travaillent toujours sur leur jeu. Une coupe positive au niveau des doigts offre un contact maximal avec le ballon pour saisir les centres et lancer longuement. La paume en latex Soft Grip garantit un jeu en toute confiance, quels que soient les tirs de M\u00e8re Nature.<\/p>\n","protected":false},"featured_media":485719,"template":"","meta":{"_et_pb_use_builder":"","_et_pb_old_content":"","_et_gb_content_width":""},"product_brand":[],"product_cat":[1373,1405],"product_tag":[],"class_list":{"0":"post-473026","1":"product","2":"type-product","3":"status-publish","4":"has-post-thumbnail","6":"product_cat-gants-de-gardien","7":"product_cat-gardien-de-but","9":"first","10":"outofstock","11":"taxable","12":"shipping-taxable","13":"product-type-variable"},"tiered_pricing_type":"fixed","tiered_pricing_fixed_rules":[],"tiered_pricing_product_settings":{"layout":"default","base_unit_name":{"singular":null,"plural":null},"default_variation":null},"tiered_pricing_minimum_quantity":null,"tiered_pricing_roles_data":[],"tiered_pricing_percentage_rules":[],"_links":{"self":[{"href":"https:\/\/influencesport.ca\/en\/wp-json\/wp\/v2\/product\/473026","targetHints":{"allow":["GET"]}}],"collection":[{"href":"https:\/\/influencesport.ca\/en\/wp-json\/wp\/v2\/product"}],"about":[{"href":"https:\/\/influencesport.ca\/en\/wp-json\/wp\/v2\/types\/product"}],"wp:featuredmedia":[{"embeddable":true,"href":"https:\/\/influencesport.ca\/en\/wp-json\/wp\/v2\/media\/485719"}],"wp:attachment":[{"href":"https:\/\/influencesport.ca\/en\/wp-json\/wp\/v2\/media?parent=473026"}],"wp:term":[{"taxonomy":"product_brand","embeddable":true,"href":"https:\/\/influencesport.ca\/en\/wp-json\/wp\/v2\/product_brand?post=473026"},{"taxonomy":"product_cat","embeddable":true,"href":"https:\/\/influencesport.ca\/en\/wp-json\/wp\/v2\/product_cat?post=473026"},{"taxonomy":"product_tag","embeddable":true,"href":"https:\/\/influencesport.ca\/en\/wp-json\/wp\/v2\/product_tag?post=473026"}],"curies":[{"name":"wp","href":"https:\/\/api.w.org\/{rel}","templated":true}]}}