{"id":472915,"date":"2024-01-13T01:00:06","date_gmt":"2024-01-13T06:00:06","guid":{"rendered":"https:\/\/influencesport.ca\/?post_type=product&#038;p=472915"},"modified":"2026-02-18T14:48:31","modified_gmt":"2026-02-18T19:48:31","slug":"x-crazyfast-1-fg","status":"publish","type":"product","link":"https:\/\/influencesport.ca\/en\/produit\/x-crazyfast-1-fg\/","title":{"rendered":"X Crazyfast .1 FG"},"content":{"rendered":"","protected":false},"excerpt":{"rendered":"<ul class=\"gl-list\">\n<li class=\"gl-vspace-bpall-small\">\n<p id=\"tw-target-text\" class=\"tw-data-text tw-text-large tw-ta\" dir=\"ltr\" data-placeholder=\"Translation\" data-ved=\"2ahUKEwjUkrWAieqDAxWrEFkFHc5MA3IQ3ewLegQICRAQ\"><span class=\"Y2IQFc\" lang=\"fr\">Coupe r\u00e9guli\u00e8re<\/span><\/p>\n<\/li>\n<li class=\"gl-vspace-bpall-small\">\n<p id=\"tw-target-text\" class=\"tw-data-text tw-text-large tw-ta\" dir=\"ltr\" data-placeholder=\"Translation\" data-ved=\"2ahUKEwjUkrWAieqDAxWrEFkFHc5MA3IQ3ewLegQICRAQ\"><span class=\"Y2IQFc\" lang=\"fr\">Fermeture en dentelle<\/span><\/p>\n<\/li>\n<li class=\"gl-vspace-bpall-small\">\n<p id=\"tw-target-text\" class=\"tw-data-text tw-text-large tw-ta\" dir=\"ltr\" data-placeholder=\"Translation\" data-ved=\"2ahUKEwjUkrWAieqDAxWrEFkFHc5MA3IQ3ewLegQICRAQ\"><span class=\"Y2IQFc\" lang=\"fr\">Tige Aeropacity Speedskin <\/span><\/p>\n<\/li>\n<li class=\"gl-vspace-bpall-small\">\n<p id=\"tw-target-text\" class=\"tw-data-text tw-text-large tw-ta\" dir=\"ltr\" data-placeholder=\"Translation\" data-ved=\"2ahUKEwjUkrWAieqDAxWrEFkFHc5MA3IQ3ewLegQICRAQ\"><span class=\"Y2IQFc\" lang=\"fr\">Collier adidas PRIMEKNIT <\/span><\/p>\n<\/li>\n<li class=\"gl-vspace-bpall-small\">\n<p id=\"tw-target-text\" class=\"tw-data-text tw-text-large tw-ta\" dir=\"ltr\" data-placeholder=\"Translation\" data-ved=\"2ahUKEwjUkrWAieqDAxWrEFkFHc5MA3IQ3ewLegQICRAQ\"><span class=\"Y2IQFc\" lang=\"fr\">Doublure de support technique <\/span><\/p>\n<\/li>\n<li class=\"gl-vspace-bpall-small\">\n<p id=\"tw-target-text\" class=\"tw-data-text tw-text-large tw-ta\" dir=\"ltr\" data-placeholder=\"Translation\" data-ved=\"2ahUKEwjUkrWAieqDAxWrEFkFHc5MA3IQ3ewLegQICRAQ\"><span class=\"Y2IQFc\" lang=\"fr\">Aerocage<\/span><\/p>\n<\/li>\n<li class=\"gl-vspace-bpall-small\">\n<p id=\"tw-target-text\" class=\"tw-data-text tw-text-large tw-ta\" dir=\"ltr\" data-placeholder=\"Translation\" data-ved=\"2ahUKEwjUkrWAieqDAxWrEFkFHc5MA3IQ3ewLegQICRAQ\"><span class=\"Y2IQFc\" lang=\"fr\">Semelle ext\u00e9rieure l\u00e9g\u00e8re Speedframe<\/span><\/p>\n<\/li>\n<li class=\"gl-vspace-bpall-small\">\n<p id=\"tw-target-text\" class=\"tw-data-text tw-text-large tw-ta\" dir=\"ltr\" data-placeholder=\"Translation\" data-ved=\"2ahUKEwjUkrWAieqDAxWrEFkFHc5MA3IQ3ewLegQICRAQ\"><span class=\"Y2IQFc\" lang=\"fr\">La tige contient un minimum de 50 % de contenu recycl\u00e9<\/span><\/p>\n<\/li>\n<li class=\"gl-vspace-bpall-small\">\n<p id=\"tw-target-text\" class=\"tw-data-text tw-text-large tw-ta\" dir=\"ltr\" data-placeholder=\"Translation\" data-ved=\"2ahUKEwjUkrWAieqDAxWrEFkFHc5MA3IQ3ewLegQICRAQ\"><span class=\"Y2IQFc\" lang=\"fr\">Couleur du produit : Bright Royal \/ Cloud White \/ Solar Red<\/span><\/p>\n<\/li>\n<\/ul>\n","protected":false},"featured_media":538597,"template":"","meta":{"_et_pb_use_builder":"","_et_pb_old_content":"","_et_gb_content_width":""},"product_brand":[],"product_cat":[17,1846,16],"product_tag":[],"class_list":{"0":"post-472915","1":"product","2":"type-product","3":"status-publish","4":"has-post-thumbnail","6":"product_cat-crampons","7":"product_cat-liquidation-vedette","8":"product_cat-souliers-soccer","10":"first","11":"instock","12":"sale","13":"taxable","14":"shipping-taxable","15":"purchasable","16":"product-type-variable"},"tiered_pricing_type":"fixed","tiered_pricing_fixed_rules":[],"tiered_pricing_product_settings":{"layout":"default","base_unit_name":{"singular":null,"plural":null},"default_variation":null},"tiered_pricing_minimum_quantity":null,"tiered_pricing_roles_data":[],"tiered_pricing_percentage_rules":[],"_links":{"self":[{"href":"https:\/\/influencesport.ca\/en\/wp-json\/wp\/v2\/product\/472915","targetHints":{"allow":["GET"]}}],"collection":[{"href":"https:\/\/influencesport.ca\/en\/wp-json\/wp\/v2\/product"}],"about":[{"href":"https:\/\/influencesport.ca\/en\/wp-json\/wp\/v2\/types\/product"}],"wp:featuredmedia":[{"embeddable":true,"href":"https:\/\/influencesport.ca\/en\/wp-json\/wp\/v2\/media\/538597"}],"wp:attachment":[{"href":"https:\/\/influencesport.ca\/en\/wp-json\/wp\/v2\/media?parent=472915"}],"wp:term":[{"taxonomy":"product_brand","embeddable":true,"href":"https:\/\/influencesport.ca\/en\/wp-json\/wp\/v2\/product_brand?post=472915"},{"taxonomy":"product_cat","embeddable":true,"href":"https:\/\/influencesport.ca\/en\/wp-json\/wp\/v2\/product_cat?post=472915"},{"taxonomy":"product_tag","embeddable":true,"href":"https:\/\/influencesport.ca\/en\/wp-json\/wp\/v2\/product_tag?post=472915"}],"curies":[{"name":"wp","href":"https:\/\/api.w.org\/{rel}","templated":true}]}}