{"id":472866,"date":"2024-01-13T00:58:35","date_gmt":"2024-01-13T05:58:35","guid":{"rendered":"https:\/\/influencesport.ca\/?post_type=product&#038;p=472866"},"modified":"2026-02-18T14:48:22","modified_gmt":"2026-02-18T19:48:22","slug":"nike-ballon-premier-league-pitch","status":"publish","type":"product","link":"https:\/\/influencesport.ca\/en\/produit\/nike-ballon-premier-league-pitch\/","title":{"rendered":"Nike Ballon Premier League Pitch"},"content":{"rendered":"","protected":false},"excerpt":{"rendered":"<p>Con\u00e7u pour vos s\u00e9ances d&#8217;entra\u00eenement intenses et pour am\u00e9liorer votre jeu de jambes, le ballon Premier League est con\u00e7u pour vous aider \u00e0 am\u00e9liorer votre jeu. Sa conception \u00e0 12 panneaux et son bo\u00eetier durable aident \u00e0 conserver sa forme et sa durabilit\u00e9 r\u00e9elles, pratique apr\u00e8s pratique.<\/p>\n","protected":false},"featured_media":486001,"template":"","meta":{"_et_pb_use_builder":"","_et_pb_old_content":"","_et_gb_content_width":""},"product_brand":[],"product_cat":[43],"product_tag":[],"class_list":{"0":"post-472866","1":"product","2":"type-product","3":"status-publish","4":"has-post-thumbnail","6":"product_cat-ballons","8":"first","9":"outofstock","10":"taxable","11":"shipping-taxable","12":"product-type-variable"},"tiered_pricing_type":"fixed","tiered_pricing_fixed_rules":[],"tiered_pricing_product_settings":{"layout":"default","base_unit_name":{"singular":null,"plural":null},"default_variation":null},"tiered_pricing_minimum_quantity":null,"tiered_pricing_roles_data":[],"tiered_pricing_percentage_rules":[],"_links":{"self":[{"href":"https:\/\/influencesport.ca\/en\/wp-json\/wp\/v2\/product\/472866","targetHints":{"allow":["GET"]}}],"collection":[{"href":"https:\/\/influencesport.ca\/en\/wp-json\/wp\/v2\/product"}],"about":[{"href":"https:\/\/influencesport.ca\/en\/wp-json\/wp\/v2\/types\/product"}],"wp:featuredmedia":[{"embeddable":true,"href":"https:\/\/influencesport.ca\/en\/wp-json\/wp\/v2\/media\/486001"}],"wp:attachment":[{"href":"https:\/\/influencesport.ca\/en\/wp-json\/wp\/v2\/media?parent=472866"}],"wp:term":[{"taxonomy":"product_brand","embeddable":true,"href":"https:\/\/influencesport.ca\/en\/wp-json\/wp\/v2\/product_brand?post=472866"},{"taxonomy":"product_cat","embeddable":true,"href":"https:\/\/influencesport.ca\/en\/wp-json\/wp\/v2\/product_cat?post=472866"},{"taxonomy":"product_tag","embeddable":true,"href":"https:\/\/influencesport.ca\/en\/wp-json\/wp\/v2\/product_tag?post=472866"}],"curies":[{"name":"wp","href":"https:\/\/api.w.org\/{rel}","templated":true}]}}