{"id":472789,"date":"2024-01-13T00:56:12","date_gmt":"2024-01-13T05:56:12","guid":{"rendered":"https:\/\/influencesport.ca\/?post_type=product&#038;p=472789"},"modified":"2026-02-18T14:48:11","modified_gmt":"2026-02-18T19:48:11","slug":"ua-ws-team-tech-polo-3","status":"publish","type":"product","link":"https:\/\/influencesport.ca\/en\/produit\/ua-ws-team-tech-polo-3\/","title":{"rendered":"UA W&#8217;s Team Tech Polo"},"content":{"rendered":"","protected":false},"excerpt":{"rendered":"<ul>\n<li>Tissu textur\u00e9 doux, l\u00e9ger et respirant<\/li>\n<li>Mati\u00e8re qui \u00e9vacue la sueur et s\u00e8che tr\u00e8s rapidement<\/li>\n<\/ul>\n","protected":false},"featured_media":473662,"template":"","meta":{"_et_pb_use_builder":"","_et_pb_old_content":"","_et_gb_content_width":""},"product_brand":[],"product_cat":[1791,20],"product_tag":[],"class_list":{"0":"post-472789","1":"product","2":"type-product","3":"status-publish","4":"has-post-thumbnail","6":"product_cat-polo","7":"product_cat-vetements","9":"first","10":"instock","11":"taxable","12":"shipping-taxable","13":"purchasable","14":"product-type-variable"},"tiered_pricing_type":"fixed","tiered_pricing_fixed_rules":[],"tiered_pricing_product_settings":{"layout":"default","base_unit_name":{"singular":null,"plural":null},"default_variation":null},"tiered_pricing_minimum_quantity":null,"tiered_pricing_roles_data":[],"tiered_pricing_percentage_rules":[],"_links":{"self":[{"href":"https:\/\/influencesport.ca\/en\/wp-json\/wp\/v2\/product\/472789","targetHints":{"allow":["GET"]}}],"collection":[{"href":"https:\/\/influencesport.ca\/en\/wp-json\/wp\/v2\/product"}],"about":[{"href":"https:\/\/influencesport.ca\/en\/wp-json\/wp\/v2\/types\/product"}],"wp:featuredmedia":[{"embeddable":true,"href":"https:\/\/influencesport.ca\/en\/wp-json\/wp\/v2\/media\/473662"}],"wp:attachment":[{"href":"https:\/\/influencesport.ca\/en\/wp-json\/wp\/v2\/media?parent=472789"}],"wp:term":[{"taxonomy":"product_brand","embeddable":true,"href":"https:\/\/influencesport.ca\/en\/wp-json\/wp\/v2\/product_brand?post=472789"},{"taxonomy":"product_cat","embeddable":true,"href":"https:\/\/influencesport.ca\/en\/wp-json\/wp\/v2\/product_cat?post=472789"},{"taxonomy":"product_tag","embeddable":true,"href":"https:\/\/influencesport.ca\/en\/wp-json\/wp\/v2\/product_tag?post=472789"}],"curies":[{"name":"wp","href":"https:\/\/api.w.org\/{rel}","templated":true}]}}