{"id":472759,"date":"2024-01-13T00:55:21","date_gmt":"2024-01-13T05:55:21","guid":{"rendered":"https:\/\/influencesport.ca\/?post_type=product&#038;p=472759"},"modified":"2026-03-23T15:25:11","modified_gmt":"2026-03-23T19:25:11","slug":"ua-ms-team-tech-polo","status":"publish","type":"product","link":"https:\/\/influencesport.ca\/en\/produit\/ua-ms-team-tech-polo\/","title":{"rendered":"UA M&#8217;s Team Tech Polo"},"content":{"rendered":"","protected":false},"excerpt":{"rendered":"<p id=\"tw-target-text\" class=\"tw-data-text tw-text-large tw-ta\" dir=\"ltr\" data-placeholder=\"Translation\" data-ved=\"2ahUKEwjUkrWAieqDAxWrEFkFHc5MA3IQ3ewLegQICRAQ\"><span class=\"Y2IQFc\" lang=\"fr\">Le polo \u00e0 manches courtes Under Armour Tech Team pour hommes est la chemise parfaite pour s&#8217;entra\u00eener ou simplement pour un usage quotidien. Le tissu textur\u00e9 est doux, l\u00e9ger et respirant, ce qui le rend confortable \u00e0 porter toute la journ\u00e9e. Le mat\u00e9riau \u00e9vacue la transpiration de votre corps et s\u00e8che rapidement, vous gardant au frais et au sec. La technologie anti-odeur int\u00e9gr\u00e9e emp\u00eache la croissance des microbes responsables des odeurs, vous pouvez donc porter cette chemise en toute confiance. Que vous alliez \u00e0 la salle de sport ou que vous fassiez simplement des courses, le polo \u00e0 manches courtes Under Armour Tech Team pour hommes est un excellent choix.<\/span><\/p>\n","protected":false},"featured_media":473637,"template":"","meta":{"_et_pb_use_builder":"","_et_pb_old_content":"","_et_gb_content_width":""},"product_brand":[],"product_cat":[1791,20],"product_tag":[],"class_list":{"0":"post-472759","1":"product","2":"type-product","3":"status-publish","4":"has-post-thumbnail","6":"product_cat-polo","7":"product_cat-vetements","9":"first","10":"instock","11":"taxable","12":"shipping-taxable","13":"purchasable","14":"product-type-variable"},"tiered_pricing_type":"fixed","tiered_pricing_fixed_rules":[],"tiered_pricing_product_settings":{"layout":"default","base_unit_name":{"singular":null,"plural":null},"default_variation":null},"tiered_pricing_minimum_quantity":null,"tiered_pricing_roles_data":[],"tiered_pricing_percentage_rules":[],"_links":{"self":[{"href":"https:\/\/influencesport.ca\/en\/wp-json\/wp\/v2\/product\/472759","targetHints":{"allow":["GET"]}}],"collection":[{"href":"https:\/\/influencesport.ca\/en\/wp-json\/wp\/v2\/product"}],"about":[{"href":"https:\/\/influencesport.ca\/en\/wp-json\/wp\/v2\/types\/product"}],"wp:featuredmedia":[{"embeddable":true,"href":"https:\/\/influencesport.ca\/en\/wp-json\/wp\/v2\/media\/473637"}],"wp:attachment":[{"href":"https:\/\/influencesport.ca\/en\/wp-json\/wp\/v2\/media?parent=472759"}],"wp:term":[{"taxonomy":"product_brand","embeddable":true,"href":"https:\/\/influencesport.ca\/en\/wp-json\/wp\/v2\/product_brand?post=472759"},{"taxonomy":"product_cat","embeddable":true,"href":"https:\/\/influencesport.ca\/en\/wp-json\/wp\/v2\/product_cat?post=472759"},{"taxonomy":"product_tag","embeddable":true,"href":"https:\/\/influencesport.ca\/en\/wp-json\/wp\/v2\/product_tag?post=472759"}],"curies":[{"name":"wp","href":"https:\/\/api.w.org\/{rel}","templated":true}]}}