{"id":472672,"date":"2024-01-13T00:52:53","date_gmt":"2024-01-13T05:52:53","guid":{"rendered":"https:\/\/influencesport.ca\/?post_type=product&#038;p=472672"},"modified":"2026-01-16T16:58:06","modified_gmt":"2026-01-16T21:58:06","slug":"puma-teamgoal-backpack-premium-xl","status":"publish","type":"product","link":"https:\/\/influencesport.ca\/en\/produit\/puma-teamgoal-backpack-premium-xl\/","title":{"rendered":"Puma TeamGoal Backpack Premium XL"},"content":{"rendered":"","protected":false},"excerpt":{"rendered":"<p><strong>D\u00e9tails sur le produit : 090458-06<\/strong><\/p>\n<p>Facilitez-vous la vie au quotidien avec la gamme PUMA Plus. Dot\u00e9s de nombreuses fonctionnalit\u00e9s pratiques, comme un compartiment interne pour ordinateur portable ou un panneau arri\u00e8re rembourr\u00e9 confortable, les sacs \u00e0 dos Plus vous permettent de vous rendre du point A au point B facilement et avec style.<\/p>\n<p><span>Contenu recycl\u00e9 : Fabriqu\u00e9 avec au moins 20 % de mat\u00e9riaux recycl\u00e9s comme un pas vers un avenir meilleur.<\/span><\/p>\n","protected":false},"featured_media":556110,"template":"","meta":{"_et_pb_use_builder":"","_et_pb_old_content":"","_et_gb_content_width":""},"product_brand":[],"product_cat":[1051,1389],"product_tag":[],"class_list":{"0":"post-472672","1":"product","2":"type-product","3":"status-publish","4":"has-post-thumbnail","6":"product_cat-accessoires-divers","7":"product_cat-sacs","9":"first","10":"instock","11":"taxable","12":"shipping-taxable","13":"purchasable","14":"product-type-simple"},"tiered_pricing_type":"fixed","tiered_pricing_fixed_rules":[],"tiered_pricing_product_settings":{"layout":"default","base_unit_name":{"singular":null,"plural":null},"default_variation":null},"tiered_pricing_minimum_quantity":null,"tiered_pricing_roles_data":[],"tiered_pricing_percentage_rules":[],"_links":{"self":[{"href":"https:\/\/influencesport.ca\/en\/wp-json\/wp\/v2\/product\/472672","targetHints":{"allow":["GET"]}}],"collection":[{"href":"https:\/\/influencesport.ca\/en\/wp-json\/wp\/v2\/product"}],"about":[{"href":"https:\/\/influencesport.ca\/en\/wp-json\/wp\/v2\/types\/product"}],"wp:featuredmedia":[{"embeddable":true,"href":"https:\/\/influencesport.ca\/en\/wp-json\/wp\/v2\/media\/556110"}],"wp:attachment":[{"href":"https:\/\/influencesport.ca\/en\/wp-json\/wp\/v2\/media?parent=472672"}],"wp:term":[{"taxonomy":"product_brand","embeddable":true,"href":"https:\/\/influencesport.ca\/en\/wp-json\/wp\/v2\/product_brand?post=472672"},{"taxonomy":"product_cat","embeddable":true,"href":"https:\/\/influencesport.ca\/en\/wp-json\/wp\/v2\/product_cat?post=472672"},{"taxonomy":"product_tag","embeddable":true,"href":"https:\/\/influencesport.ca\/en\/wp-json\/wp\/v2\/product_tag?post=472672"}],"curies":[{"name":"wp","href":"https:\/\/api.w.org\/{rel}","templated":true}]}}