{"id":472342,"date":"2023-12-22T01:02:47","date_gmt":"2023-12-22T06:02:47","guid":{"rendered":"https:\/\/influencesport.ca\/?post_type=product&#038;p=472342"},"modified":"2026-03-29T10:52:22","modified_gmt":"2026-03-29T14:52:22","slug":"nike-squad-sock","status":"publish","type":"product","link":"https:\/\/influencesport.ca\/en\/produit\/nike-squad-sock\/","title":{"rendered":"Nike Squad Sock"},"content":{"rendered":"","protected":false},"excerpt":{"rendered":"<p><strong>D\u00e9tails sur le produit : SK0030-010<\/strong><\/p>\n<p><strong>Am\u00e9liorez votre jeu avec les chaussettes Nike Squad Crew : con\u00e7ues pour des performances optimales.<\/strong><\/p>\n<p>Entrez sur le terrain en toute confiance avec les chaussettes Nike Squad Crew, con\u00e7ues pour offrir un confort pr\u00eat pour le match et un soutien haute performance l\u00e0 o\u00f9 les athl\u00e8tes en ont le plus besoin. Combinant une technologie avanc\u00e9e d&#8217;\u00e9vacuation de la transpiration avec un amorti strat\u00e9gique, ces chaussettes ras du cou sont con\u00e7ues pour vous garder au sec, \u00e0 l&#8217;aise et concentr\u00e9 pendant les comp\u00e9titions les plus intenses.<\/p>\n<p><strong>Caract\u00e9ristiques cl\u00e9s pour un confort athl\u00e9tique ultime\u00a0:<\/strong><\/p>\n<ul>\n<li><strong>Gestion de l&#8217;humidit\u00e9<\/strong>\u00a0: le tissu innovant anti-transpiration \u00e9vacue efficacement l&#8217;humidit\u00e9 de la peau, garantissant que vos pieds restent au sec et confortables \u00e0 chaque sprint et tacle.<\/li>\n<li><strong>Durabilit\u00e9 am\u00e9lior\u00e9e<\/strong>\u00a0: un amorti cibl\u00e9 dans les zones de forte usure am\u00e9liore non seulement le confort mais ajoute \u00e9galement de la durabilit\u00e9, faisant de ces chaussettes un choix fiable pour les s\u00e9ances d&#8217;entra\u00eenement rigoureuses et les matchs de comp\u00e9tition.<\/li>\n<li><strong>M\u00e9lange de mat\u00e9riaux de qualit\u00e9 sup\u00e9rieure<\/strong>\u00a0: fabriqu\u00e9es avec un m\u00e9lange de 88 % de polyester, 9 % de coton et 3 % d&#8217;\u00e9lasthanne, les chaussettes Nike Squad Crew offrent l&#8217;\u00e9quilibre parfait entre \u00e9lasticit\u00e9, respirabilit\u00e9 et douceur.<\/li>\n<li><strong>Entretien facile<\/strong> : lavables en machine pour un entretien facile, ces chaussettes sont con\u00e7ues pour conserver leurs performances et leur confort lavage apr\u00e8s lavage.<\/li>\n<\/ul>\n<p><strong>Import\u00e9 pour l&#8217;assurance qualit\u00e9<\/strong>\u00a0: faites confiance \u00e0 la norme mondiale de qualit\u00e9 Nike, avec chaque paire de chaussettes rigoureusement test\u00e9e pour r\u00e9pondre aux normes les plus \u00e9lev\u00e9es de performance et de durabilit\u00e9.<\/p>\n<p>Les chaussettes Nike Squad Crew ne sont pas seulement un accessoire ; ils constituent un \u00e9l\u00e9ment essentiel de votre \u00e9quipement sportif, con\u00e7u pour vous propulser vers vos meilleures performances. Avec leur combinaison de technologie d&#8217;\u00e9vacuation de l&#8217;humidit\u00e9, d&#8217;amorti strat\u00e9gique et de construction durable, ces chaussettes sont un choix imbattable pour les athl\u00e8tes visant le sommet.<\/p>\n","protected":false},"featured_media":485775,"template":"","meta":{"_et_pb_use_builder":"","_et_pb_old_content":"","_et_gb_content_width":""},"product_brand":[],"product_cat":[1049],"product_tag":[],"class_list":{"0":"post-472342","1":"product","2":"type-product","3":"status-publish","4":"has-post-thumbnail","6":"product_cat-bas-soccer","8":"first","9":"instock","10":"taxable","11":"shipping-taxable","12":"purchasable","13":"product-type-variable"},"tiered_pricing_type":"fixed","tiered_pricing_fixed_rules":[],"tiered_pricing_product_settings":{"layout":"default","base_unit_name":{"singular":null,"plural":null},"default_variation":null},"tiered_pricing_minimum_quantity":null,"tiered_pricing_roles_data":[],"tiered_pricing_percentage_rules":[],"_links":{"self":[{"href":"https:\/\/influencesport.ca\/en\/wp-json\/wp\/v2\/product\/472342","targetHints":{"allow":["GET"]}}],"collection":[{"href":"https:\/\/influencesport.ca\/en\/wp-json\/wp\/v2\/product"}],"about":[{"href":"https:\/\/influencesport.ca\/en\/wp-json\/wp\/v2\/types\/product"}],"wp:featuredmedia":[{"embeddable":true,"href":"https:\/\/influencesport.ca\/en\/wp-json\/wp\/v2\/media\/485775"}],"wp:attachment":[{"href":"https:\/\/influencesport.ca\/en\/wp-json\/wp\/v2\/media?parent=472342"}],"wp:term":[{"taxonomy":"product_brand","embeddable":true,"href":"https:\/\/influencesport.ca\/en\/wp-json\/wp\/v2\/product_brand?post=472342"},{"taxonomy":"product_cat","embeddable":true,"href":"https:\/\/influencesport.ca\/en\/wp-json\/wp\/v2\/product_cat?post=472342"},{"taxonomy":"product_tag","embeddable":true,"href":"https:\/\/influencesport.ca\/en\/wp-json\/wp\/v2\/product_tag?post=472342"}],"curies":[{"name":"wp","href":"https:\/\/api.w.org\/{rel}","templated":true}]}}