{"id":471629,"date":"2023-11-25T00:50:12","date_gmt":"2023-11-25T05:50:12","guid":{"rendered":"https:\/\/influencesport.ca\/?post_type=product&#038;p=471629"},"modified":"2026-02-18T14:46:46","modified_gmt":"2026-02-18T19:46:46","slug":"adidas-rose-maillot-domicile-inter-miami-cf-22-23-authentique","status":"publish","type":"product","link":"https:\/\/influencesport.ca\/en\/produit\/adidas-rose-maillot-domicile-inter-miami-cf-22-23-authentique\/","title":{"rendered":"Adidas Rose Maillot Domicile Inter Miami CF 22\/23 Authentiqu"},"content":{"rendered":"","protected":false},"excerpt":{"rendered":"<p><strong>D\u00e9tails sur le produit : IB5026<\/strong><\/p>\n<p><span>UN MAILLOT DOMICILE VIBRANT CON\u00c7U POUR PERFORMER ET FABRIQU\u00c9 AVEC DES MAT\u00c9RIAUX RECYCL\u00c9S.<\/span><\/p>\n<p><span>Un hommage au c\u0153ur battant de l&#8217;Inter Miami CF. Tout en rose pour la premi\u00e8re fois, ce maillot domicile authentique rend hommage aux fans avec des graphismes de style battement de c\u0153ur sur les poignets et la signature du jockstrap. Le col polo et le tissu piqu\u00e9 acc\u00e9l\u00e8rent encore plus le pouls. La technologie AEROREADY absorbant l&#8217;humidit\u00e9 et les d\u00e9tails l\u00e9gers vous aident \u00e0 trouver votre rythme de football sur le terrain. Fabriqu\u00e9 \u00e0 partir de mat\u00e9riaux 100 % recycl\u00e9s, ce produit ne repr\u00e9sente qu&#8217;une de nos solutions pour aider \u00e0 mettre fin aux d\u00e9chets plastiques.<\/span><\/p>\n","protected":false},"featured_media":556179,"template":"","meta":{"_et_pb_use_builder":"","_et_pb_old_content":"","_et_gb_content_width":""},"product_brand":[],"product_cat":[92,1846],"product_tag":[],"class_list":{"0":"post-471629","1":"product","2":"type-product","3":"status-publish","4":"has-post-thumbnail","6":"product_cat-articles-de-club","7":"product_cat-liquidation-vedette","9":"first","10":"instock","11":"sale","12":"taxable","13":"shipping-taxable","14":"purchasable","15":"product-type-variable"},"tiered_pricing_type":"fixed","tiered_pricing_fixed_rules":[],"tiered_pricing_product_settings":{"layout":"default","base_unit_name":{"singular":null,"plural":null},"default_variation":null},"tiered_pricing_minimum_quantity":null,"tiered_pricing_roles_data":[],"tiered_pricing_percentage_rules":[],"_links":{"self":[{"href":"https:\/\/influencesport.ca\/en\/wp-json\/wp\/v2\/product\/471629","targetHints":{"allow":["GET"]}}],"collection":[{"href":"https:\/\/influencesport.ca\/en\/wp-json\/wp\/v2\/product"}],"about":[{"href":"https:\/\/influencesport.ca\/en\/wp-json\/wp\/v2\/types\/product"}],"wp:featuredmedia":[{"embeddable":true,"href":"https:\/\/influencesport.ca\/en\/wp-json\/wp\/v2\/media\/556179"}],"wp:attachment":[{"href":"https:\/\/influencesport.ca\/en\/wp-json\/wp\/v2\/media?parent=471629"}],"wp:term":[{"taxonomy":"product_brand","embeddable":true,"href":"https:\/\/influencesport.ca\/en\/wp-json\/wp\/v2\/product_brand?post=471629"},{"taxonomy":"product_cat","embeddable":true,"href":"https:\/\/influencesport.ca\/en\/wp-json\/wp\/v2\/product_cat?post=471629"},{"taxonomy":"product_tag","embeddable":true,"href":"https:\/\/influencesport.ca\/en\/wp-json\/wp\/v2\/product_tag?post=471629"}],"curies":[{"name":"wp","href":"https:\/\/api.w.org\/{rel}","templated":true}]}}