{"id":471318,"date":"2023-11-22T00:50:05","date_gmt":"2023-11-22T05:50:05","guid":{"rendered":"https:\/\/influencesport.ca\/?post_type=product&#038;p=471318"},"modified":"2025-01-29T19:18:51","modified_gmt":"2025-01-30T00:18:51","slug":"adidas-sac-a-lunch-santiago","status":"publish","type":"product","link":"https:\/\/influencesport.ca\/en\/produit\/adidas-sac-a-lunch-santiago\/","title":{"rendered":"Adidas Sac \u00e0 Lunch Santiago"},"content":{"rendered":"","protected":false},"excerpt":{"rendered":"<p><strong>D\u00e9tails sur le produit : EX6532<\/strong><\/p>\n<p><span>Transportez vos repas en toute confiance avec cette bo\u00eete \u00e0 lunch qui allie style et fonctionnalit\u00e9. Elle vous accompagnera tout au long de vos journ\u00e9es, que ce soit pour le bureau, l&#8217;\u00e9cole ou les sorties, vos repas restent frais et organis\u00e9s. Fabriqu\u00e9e en 100% polyester pour un nettoyage facile. Sa pochette zipp\u00e9e vous permet de transporter vos affaires en toute s\u00e9curit\u00e9 et le clip de verrouillage offre une facilit\u00e9 de transport, car elle s&#8217;attache facilement \u00e0 un sac \u00e0 dos.\u00a0<\/span><\/p>\n<p><span>Caract\u00e9ristiques<\/span><\/p>\n<ul>\n<li><span>Mat\u00e9riau lavable qui facilite le nettoyage<\/span><\/li>\n<li><span>Une isolation efficace pour garder vos aliments frais<\/span><\/li>\n<li><span>Poche avant zipp\u00e9e pour vos ustensiles ou collations<\/span><\/li>\n<li><span>Clip de verrouillage pour attacher la bo\u00eete \u00e0 lunch \u00e0 n&#8217;importe quel sac<\/span><\/li>\n<li><span>Dimensions : 19 cm x 14,6 cm x 27,9 cm<\/span><\/li>\n<li><span>Composition : 100% polyester recycl\u00e9<\/span><\/li>\n<\/ul>\n","protected":false},"featured_media":556226,"template":"","meta":{"_et_pb_use_builder":"","_et_pb_old_content":"","_et_gb_content_width":""},"product_brand":[],"product_cat":[1051,1389],"product_tag":[],"class_list":{"0":"post-471318","1":"product","2":"type-product","3":"status-publish","4":"has-post-thumbnail","6":"product_cat-accessoires-divers","7":"product_cat-sacs","9":"first","10":"instock","11":"taxable","12":"shipping-taxable","13":"purchasable","14":"product-type-simple"},"tiered_pricing_type":"fixed","tiered_pricing_fixed_rules":[],"tiered_pricing_product_settings":{"layout":"default","base_unit_name":{"singular":null,"plural":null},"default_variation":null},"tiered_pricing_minimum_quantity":null,"tiered_pricing_roles_data":[],"tiered_pricing_percentage_rules":[],"_links":{"self":[{"href":"https:\/\/influencesport.ca\/en\/wp-json\/wp\/v2\/product\/471318","targetHints":{"allow":["GET"]}}],"collection":[{"href":"https:\/\/influencesport.ca\/en\/wp-json\/wp\/v2\/product"}],"about":[{"href":"https:\/\/influencesport.ca\/en\/wp-json\/wp\/v2\/types\/product"}],"wp:featuredmedia":[{"embeddable":true,"href":"https:\/\/influencesport.ca\/en\/wp-json\/wp\/v2\/media\/556226"}],"wp:attachment":[{"href":"https:\/\/influencesport.ca\/en\/wp-json\/wp\/v2\/media?parent=471318"}],"wp:term":[{"taxonomy":"product_brand","embeddable":true,"href":"https:\/\/influencesport.ca\/en\/wp-json\/wp\/v2\/product_brand?post=471318"},{"taxonomy":"product_cat","embeddable":true,"href":"https:\/\/influencesport.ca\/en\/wp-json\/wp\/v2\/product_cat?post=471318"},{"taxonomy":"product_tag","embeddable":true,"href":"https:\/\/influencesport.ca\/en\/wp-json\/wp\/v2\/product_tag?post=471318"}],"curies":[{"name":"wp","href":"https:\/\/api.w.org\/{rel}","templated":true}]}}