{"id":469285,"date":"2023-11-04T00:54:39","date_gmt":"2023-11-04T04:54:39","guid":{"rendered":"https:\/\/influencesport.ca\/?post_type=product&#038;p=469285"},"modified":"2026-01-30T15:46:12","modified_gmt":"2026-01-30T20:46:12","slug":"nike-casquette-paris-saint-germains","status":"publish","type":"product","link":"https:\/\/influencesport.ca\/en\/produit\/nike-casquette-paris-saint-germains\/","title":{"rendered":"Nike Casquette Paris Saint-Germains"},"content":{"rendered":"","protected":false},"excerpt":{"rendered":"<p><strong>D\u00e9tails sur le produit : FN4893-010<\/strong><\/p>\n<p>Obtenez un look \u00e9l\u00e9gant et gardez la t\u00eate haute. Incontournable des supporters, cette casquette est disponible aux couleurs du club.<\/p>\n","protected":false},"featured_media":485831,"template":"","meta":{"_et_pb_use_builder":"","_et_pb_old_content":"","_et_gb_content_width":""},"product_brand":[],"product_cat":[92,1382,20],"product_tag":[],"class_list":{"0":"post-469285","1":"product","2":"type-product","3":"status-publish","4":"has-post-thumbnail","6":"product_cat-articles-de-club","7":"product_cat-chapeaux-vetements","8":"product_cat-vetements","10":"first","11":"instock","12":"taxable","13":"shipping-taxable","14":"purchasable","15":"product-type-variable"},"tiered_pricing_type":"fixed","tiered_pricing_fixed_rules":[],"tiered_pricing_product_settings":{"layout":"default","base_unit_name":{"singular":null,"plural":null},"default_variation":null},"tiered_pricing_minimum_quantity":null,"tiered_pricing_roles_data":[],"tiered_pricing_percentage_rules":[],"_links":{"self":[{"href":"https:\/\/influencesport.ca\/en\/wp-json\/wp\/v2\/product\/469285","targetHints":{"allow":["GET"]}}],"collection":[{"href":"https:\/\/influencesport.ca\/en\/wp-json\/wp\/v2\/product"}],"about":[{"href":"https:\/\/influencesport.ca\/en\/wp-json\/wp\/v2\/types\/product"}],"wp:featuredmedia":[{"embeddable":true,"href":"https:\/\/influencesport.ca\/en\/wp-json\/wp\/v2\/media\/485831"}],"wp:attachment":[{"href":"https:\/\/influencesport.ca\/en\/wp-json\/wp\/v2\/media?parent=469285"}],"wp:term":[{"taxonomy":"product_brand","embeddable":true,"href":"https:\/\/influencesport.ca\/en\/wp-json\/wp\/v2\/product_brand?post=469285"},{"taxonomy":"product_cat","embeddable":true,"href":"https:\/\/influencesport.ca\/en\/wp-json\/wp\/v2\/product_cat?post=469285"},{"taxonomy":"product_tag","embeddable":true,"href":"https:\/\/influencesport.ca\/en\/wp-json\/wp\/v2\/product_tag?post=469285"}],"curies":[{"name":"wp","href":"https:\/\/api.w.org\/{rel}","templated":true}]}}