{"id":467819,"date":"2023-10-21T01:01:32","date_gmt":"2023-10-21T05:01:32","guid":{"rendered":"https:\/\/influencesport.ca\/?post_type=product&#038;p=467819"},"modified":"2026-02-18T14:45:38","modified_gmt":"2026-02-18T19:45:38","slug":"nike-ballon-premier-league","status":"publish","type":"product","link":"https:\/\/influencesport.ca\/en\/produit\/nike-ballon-premier-league\/","title":{"rendered":"Nike ballon  Premier League"},"content":{"rendered":"","protected":false},"excerpt":{"rendered":"<p><strong>D\u00e9tails sur le produit : FB2985-710<\/strong><\/p>\n<p>Vous ne cessez jamais d&#8217;am\u00e9liorer vos comp\u00e9tences, alors utilisez le ballon qui travaille aussi fort que vous. Les caract\u00e9ristiques graphiques lumineuses sont faciles \u00e0 voir sur le terrain pendant que vous pratiquez votre jeu de jambes, et ses rainures innovantes cr\u00e9ent une rotation coh\u00e9rente pour ce tir a\u00e9rien vers le but.<\/p>\n","protected":false},"featured_media":485992,"template":"","meta":{"_et_pb_use_builder":"","_et_pb_old_content":"","_et_gb_content_width":""},"product_brand":[],"product_cat":[43],"product_tag":[],"class_list":{"0":"post-467819","1":"product","2":"type-product","3":"status-publish","4":"has-post-thumbnail","6":"product_cat-ballons","8":"first","9":"outofstock","10":"taxable","11":"shipping-taxable","12":"product-type-variable"},"tiered_pricing_type":"fixed","tiered_pricing_fixed_rules":[],"tiered_pricing_product_settings":{"layout":"default","base_unit_name":{"singular":null,"plural":null},"default_variation":null},"tiered_pricing_minimum_quantity":null,"tiered_pricing_roles_data":[],"tiered_pricing_percentage_rules":[],"_links":{"self":[{"href":"https:\/\/influencesport.ca\/en\/wp-json\/wp\/v2\/product\/467819","targetHints":{"allow":["GET"]}}],"collection":[{"href":"https:\/\/influencesport.ca\/en\/wp-json\/wp\/v2\/product"}],"about":[{"href":"https:\/\/influencesport.ca\/en\/wp-json\/wp\/v2\/types\/product"}],"wp:featuredmedia":[{"embeddable":true,"href":"https:\/\/influencesport.ca\/en\/wp-json\/wp\/v2\/media\/485992"}],"wp:attachment":[{"href":"https:\/\/influencesport.ca\/en\/wp-json\/wp\/v2\/media?parent=467819"}],"wp:term":[{"taxonomy":"product_brand","embeddable":true,"href":"https:\/\/influencesport.ca\/en\/wp-json\/wp\/v2\/product_brand?post=467819"},{"taxonomy":"product_cat","embeddable":true,"href":"https:\/\/influencesport.ca\/en\/wp-json\/wp\/v2\/product_cat?post=467819"},{"taxonomy":"product_tag","embeddable":true,"href":"https:\/\/influencesport.ca\/en\/wp-json\/wp\/v2\/product_tag?post=467819"}],"curies":[{"name":"wp","href":"https:\/\/api.w.org\/{rel}","templated":true}]}}