{"id":467060,"date":"2023-10-19T01:01:38","date_gmt":"2023-10-19T05:01:38","guid":{"rendered":"https:\/\/influencesport.ca\/?post_type=product&#038;p=467060"},"modified":"2025-08-03T17:08:42","modified_gmt":"2025-08-03T21:08:42","slug":"nike-psg-capuchon-et-zip","status":"publish","type":"product","link":"https:\/\/influencesport.ca\/en\/produit\/nike-psg-capuchon-et-zip\/","title":{"rendered":"Nike PSG Capuchon et Zip"},"content":{"rendered":"","protected":false},"excerpt":{"rendered":"<p><strong>D\u00e9tails sur le produit : DX8846-727<\/strong><\/p>\n<p>Sweat \u00e0 capuche enti\u00e8rement zipp\u00e9 en polaire Nike Paris Saint-Germain Youth Club<\/p>\n<p>Couleur : Daim dor\u00e9\/Rouge \u00e9quipe<\/p>\n<p><span>Les d\u00e9tails suppl\u00e9mentaires incluent\u00a0:<\/span><\/p>\n<ul>\n<li><span>Sweat \u00e0 capuche zipp\u00e9 pour jeunes<\/span><\/li>\n<li><span>Polaire French Terry<\/span><\/li>\n<li><span>Poches avant<\/span><\/li>\n<li><span>C\u00f4tes : 97 % coton\/3 % \u00e9lasthanne<\/span><\/li>\n<li><span>Corps : 80 % coton\/20 % polyester<\/span><\/li>\n<\/ul>\n","protected":false},"featured_media":556293,"template":"","meta":{"_et_pb_use_builder":"","_et_pb_old_content":"","_et_gb_content_width":""},"product_brand":[],"product_cat":[92,1381,20],"product_tag":[],"class_list":{"0":"post-467060","1":"product","2":"type-product","3":"status-publish","4":"has-post-thumbnail","6":"product_cat-articles-de-club","7":"product_cat-hoodies-vetements","8":"product_cat-vetements","10":"first","11":"instock","12":"taxable","13":"shipping-taxable","14":"purchasable","15":"product-type-variable"},"tiered_pricing_type":"fixed","tiered_pricing_fixed_rules":[],"tiered_pricing_product_settings":{"layout":"default","base_unit_name":{"singular":null,"plural":null},"default_variation":null},"tiered_pricing_minimum_quantity":null,"tiered_pricing_roles_data":[],"tiered_pricing_percentage_rules":[],"_links":{"self":[{"href":"https:\/\/influencesport.ca\/en\/wp-json\/wp\/v2\/product\/467060","targetHints":{"allow":["GET"]}}],"collection":[{"href":"https:\/\/influencesport.ca\/en\/wp-json\/wp\/v2\/product"}],"about":[{"href":"https:\/\/influencesport.ca\/en\/wp-json\/wp\/v2\/types\/product"}],"wp:featuredmedia":[{"embeddable":true,"href":"https:\/\/influencesport.ca\/en\/wp-json\/wp\/v2\/media\/556293"}],"wp:attachment":[{"href":"https:\/\/influencesport.ca\/en\/wp-json\/wp\/v2\/media?parent=467060"}],"wp:term":[{"taxonomy":"product_brand","embeddable":true,"href":"https:\/\/influencesport.ca\/en\/wp-json\/wp\/v2\/product_brand?post=467060"},{"taxonomy":"product_cat","embeddable":true,"href":"https:\/\/influencesport.ca\/en\/wp-json\/wp\/v2\/product_cat?post=467060"},{"taxonomy":"product_tag","embeddable":true,"href":"https:\/\/influencesport.ca\/en\/wp-json\/wp\/v2\/product_tag?post=467060"}],"curies":[{"name":"wp","href":"https:\/\/api.w.org\/{rel}","templated":true}]}}