{"id":467055,"date":"2023-10-19T01:01:29","date_gmt":"2023-10-19T05:01:29","guid":{"rendered":"https:\/\/influencesport.ca\/?post_type=product&#038;p=467055"},"modified":"2025-08-25T16:27:34","modified_gmt":"2025-08-25T20:27:34","slug":"nike-psg-sweat-capuche-et-zip-enfant","status":"publish","type":"product","link":"https:\/\/influencesport.ca\/en\/produit\/nike-psg-sweat-capuche-et-zip-enfant\/","title":{"rendered":"Nike PSG Sweat Capuche et Zip Enfant"},"content":{"rendered":"","protected":false},"excerpt":{"rendered":"<p><strong>D\u00e9tails sur le produit : DV6167-410<\/strong><\/p>\n<p>Doux, chaud et confortable, ce sweat \u00e0 capuche PSG vous prot\u00e8ge du froid. Le tissu en molleton fran\u00e7ais et la coupe d\u00e9contract\u00e9e s&#8217;enfilent facilement par-dessus vos autres v\u00eatements, tandis qu&#8217;un \u00e9cusson d&#8217;\u00e9quipe sur la poitrine montre votre d\u00e9vouement \u00e0 votre \u00e9quipe pr\u00e9f\u00e9r\u00e9e.<\/p>\n","protected":false},"featured_media":556301,"template":"","meta":{"_et_pb_use_builder":"","_et_pb_old_content":"","_et_gb_content_width":""},"product_brand":[],"product_cat":[92,1381,20],"product_tag":[],"class_list":{"0":"post-467055","1":"product","2":"type-product","3":"status-publish","4":"has-post-thumbnail","6":"product_cat-articles-de-club","7":"product_cat-hoodies-vetements","8":"product_cat-vetements","10":"first","11":"instock","12":"taxable","13":"shipping-taxable","14":"purchasable","15":"product-type-variable"},"tiered_pricing_type":"fixed","tiered_pricing_fixed_rules":[],"tiered_pricing_product_settings":{"layout":"default","base_unit_name":{"singular":null,"plural":null},"default_variation":null},"tiered_pricing_minimum_quantity":null,"tiered_pricing_roles_data":[],"tiered_pricing_percentage_rules":[],"_links":{"self":[{"href":"https:\/\/influencesport.ca\/en\/wp-json\/wp\/v2\/product\/467055","targetHints":{"allow":["GET"]}}],"collection":[{"href":"https:\/\/influencesport.ca\/en\/wp-json\/wp\/v2\/product"}],"about":[{"href":"https:\/\/influencesport.ca\/en\/wp-json\/wp\/v2\/types\/product"}],"wp:featuredmedia":[{"embeddable":true,"href":"https:\/\/influencesport.ca\/en\/wp-json\/wp\/v2\/media\/556301"}],"wp:attachment":[{"href":"https:\/\/influencesport.ca\/en\/wp-json\/wp\/v2\/media?parent=467055"}],"wp:term":[{"taxonomy":"product_brand","embeddable":true,"href":"https:\/\/influencesport.ca\/en\/wp-json\/wp\/v2\/product_brand?post=467055"},{"taxonomy":"product_cat","embeddable":true,"href":"https:\/\/influencesport.ca\/en\/wp-json\/wp\/v2\/product_cat?post=467055"},{"taxonomy":"product_tag","embeddable":true,"href":"https:\/\/influencesport.ca\/en\/wp-json\/wp\/v2\/product_tag?post=467055"}],"curies":[{"name":"wp","href":"https:\/\/api.w.org\/{rel}","templated":true}]}}