{"id":466107,"date":"2023-10-11T01:00:34","date_gmt":"2023-10-11T05:00:34","guid":{"rendered":"https:\/\/influencesport.ca\/?post_type=product&#038;p=466107"},"modified":"2026-01-04T12:49:40","modified_gmt":"2026-01-04T17:49:40","slug":"nike-charge-guards-2","status":"publish","type":"product","link":"https:\/\/influencesport.ca\/en\/produit\/nike-charge-guards-2\/","title":{"rendered":"Nike Charge Guards"},"content":{"rendered":"","protected":false},"excerpt":{"rendered":"<p><strong>D\u00e9tails sur le produit : SP2164-696<\/strong><\/p>\n<p>Affrontez votre adversaire sur le terrain et apportez la protection n\u00e9cessaire au match. Ajoutez les prot\u00e8ge-tibias Nike Charge, constitu\u00e9s d&#8217;une structure rigide qui cr\u00e9e une protection discr\u00e8te et comporte de la mousse sur le dos pour un plus grand confort. Sa mousse au dos s&#8217;adapte au contour du tibia pour apporter un plus grand confort.<\/p>\n<p>La conception de la sangle \u00e9lastique sans fermeture reste en place pendant le match.<br \/>\nLa structure vous offre une absorption des chocs discr\u00e8te.<br \/>\nLa mousse sur le dos \u00e9pouse le contour de votre tibia pour plus de confort.<\/p>\n<p>43 % polypropyl\u00e8ne\/33 % EVA\/17 % polyester\/7 % caoutchouc.<\/p>\n","protected":false},"featured_media":485953,"template":"","meta":{"_et_pb_use_builder":"","_et_pb_old_content":"","_et_gb_content_width":""},"product_brand":[],"product_cat":[1374,1054],"product_tag":[],"class_list":{"0":"post-466107","1":"product","2":"type-product","3":"status-publish","4":"has-post-thumbnail","6":"product_cat-avec-chevillieres-proteges-tibias","7":"product_cat-proteges-tibias","9":"first","10":"instock","11":"sale","12":"taxable","13":"shipping-taxable","14":"purchasable","15":"product-type-variable"},"tiered_pricing_type":"fixed","tiered_pricing_fixed_rules":[],"tiered_pricing_product_settings":{"layout":"default","base_unit_name":{"singular":null,"plural":null},"default_variation":null},"tiered_pricing_minimum_quantity":null,"tiered_pricing_roles_data":[],"tiered_pricing_percentage_rules":[],"_links":{"self":[{"href":"https:\/\/influencesport.ca\/en\/wp-json\/wp\/v2\/product\/466107","targetHints":{"allow":["GET"]}}],"collection":[{"href":"https:\/\/influencesport.ca\/en\/wp-json\/wp\/v2\/product"}],"about":[{"href":"https:\/\/influencesport.ca\/en\/wp-json\/wp\/v2\/types\/product"}],"wp:featuredmedia":[{"embeddable":true,"href":"https:\/\/influencesport.ca\/en\/wp-json\/wp\/v2\/media\/485953"}],"wp:attachment":[{"href":"https:\/\/influencesport.ca\/en\/wp-json\/wp\/v2\/media?parent=466107"}],"wp:term":[{"taxonomy":"product_brand","embeddable":true,"href":"https:\/\/influencesport.ca\/en\/wp-json\/wp\/v2\/product_brand?post=466107"},{"taxonomy":"product_cat","embeddable":true,"href":"https:\/\/influencesport.ca\/en\/wp-json\/wp\/v2\/product_cat?post=466107"},{"taxonomy":"product_tag","embeddable":true,"href":"https:\/\/influencesport.ca\/en\/wp-json\/wp\/v2\/product_tag?post=466107"}],"curies":[{"name":"wp","href":"https:\/\/api.w.org\/{rel}","templated":true}]}}