{"id":465469,"date":"2023-10-04T00:57:50","date_gmt":"2023-10-04T04:57:50","guid":{"rendered":"https:\/\/influencesport.ca\/?post_type=product&#038;p=465469"},"modified":"2026-04-06T12:38:15","modified_gmt":"2026-04-06T16:38:15","slug":"nike-tr-renew-recharge-straw-bottle-24-oz","status":"publish","type":"product","link":"https:\/\/influencesport.ca\/en\/produit\/nike-tr-renew-recharge-straw-bottle-24-oz\/","title":{"rendered":"Nike TR Renew Recharge Straw Bottle 24 Oz"},"content":{"rendered":"","protected":false},"excerpt":{"rendered":"<p><strong>D\u00e9tails sur le produit : N.100.7643.429.24<\/strong><\/p>\n<p>Avec son design ergonomique am\u00e9lior\u00e9 et son bouton facile \u00e0 faire glisser qui permet une ouverture d&#8217;une seule main, la bouteille Nike TR Renew Recharge avec paille est id\u00e9ale pour toutes sortes de sports et de divertissements. Les bouteilles Nike Recharge sont fabriqu\u00e9es avec en moyenne 50 % de contenu recycl\u00e9 en poids (hors bouchon). Move to Zero est le parcours de Nike vers le z\u00e9ro carbone et le z\u00e9ro d\u00e9chet pour aider \u00e0 prot\u00e9ger l&#8217;avenir du sport.<\/p>\n","protected":false},"featured_media":485646,"template":"","meta":{"_et_pb_use_builder":"","_et_pb_old_content":"","_et_gb_content_width":""},"product_brand":[],"product_cat":[1051,1388],"product_tag":[],"class_list":{"0":"post-465469","1":"product","2":"type-product","3":"status-publish","4":"has-post-thumbnail","6":"product_cat-accessoires-divers","7":"product_cat-bouteille","9":"first","10":"instock","11":"taxable","12":"shipping-taxable","13":"purchasable","14":"product-type-simple"},"tiered_pricing_type":"fixed","tiered_pricing_fixed_rules":[],"tiered_pricing_product_settings":{"layout":"default","base_unit_name":{"singular":null,"plural":null},"default_variation":null},"tiered_pricing_minimum_quantity":null,"tiered_pricing_roles_data":[],"tiered_pricing_percentage_rules":[],"_links":{"self":[{"href":"https:\/\/influencesport.ca\/en\/wp-json\/wp\/v2\/product\/465469","targetHints":{"allow":["GET"]}}],"collection":[{"href":"https:\/\/influencesport.ca\/en\/wp-json\/wp\/v2\/product"}],"about":[{"href":"https:\/\/influencesport.ca\/en\/wp-json\/wp\/v2\/types\/product"}],"wp:featuredmedia":[{"embeddable":true,"href":"https:\/\/influencesport.ca\/en\/wp-json\/wp\/v2\/media\/485646"}],"wp:attachment":[{"href":"https:\/\/influencesport.ca\/en\/wp-json\/wp\/v2\/media?parent=465469"}],"wp:term":[{"taxonomy":"product_brand","embeddable":true,"href":"https:\/\/influencesport.ca\/en\/wp-json\/wp\/v2\/product_brand?post=465469"},{"taxonomy":"product_cat","embeddable":true,"href":"https:\/\/influencesport.ca\/en\/wp-json\/wp\/v2\/product_cat?post=465469"},{"taxonomy":"product_tag","embeddable":true,"href":"https:\/\/influencesport.ca\/en\/wp-json\/wp\/v2\/product_tag?post=465469"}],"curies":[{"name":"wp","href":"https:\/\/api.w.org\/{rel}","templated":true}]}}