{"id":459759,"date":"2023-09-07T14:59:53","date_gmt":"2023-09-07T18:59:53","guid":{"rendered":"https:\/\/influencesport.ca\/?post_type=product&#038;p=459759"},"modified":"2026-01-28T09:28:51","modified_gmt":"2026-01-28T14:28:51","slug":"adidas-milano-sock-23-marine","status":"publish","type":"product","link":"https:\/\/influencesport.ca\/en\/produit\/adidas-milano-sock-23-marine\/","title":{"rendered":"Adidas Milano Sock 23 Marine"},"content":{"rendered":"","protected":false},"excerpt":{"rendered":"<p><strong>D\u00e9tails sur le produit : IB7814<\/strong><\/p>\n<p>CHAUSSETTES ABSORBANT L&#8217;HUMIDIT\u00c9 FABRIQU\u00c9ES EN PARTIE AVEC DES MAT\u00c9RIAUX RECYCL\u00c9S.<br \/>\nVous pouvez d\u00e9sormais oublier vos pieds et vous concentrer sur le beau jeu. Ces chaussettes de football haute performance d&#8217;Adidas disposent d&#8217;un soutien de la vo\u00fbte plantaire et de zones rembourr\u00e9es pour un amorti l\u00e0 o\u00f9 vous en avez besoin. AEROREADY absorbe l&#8217;humidit\u00e9 pour que vos pieds restent au sec lorsque vous perfectionnez vos comp\u00e9tences.<\/p>\n<p>Fabriqu\u00e9 avec une s\u00e9rie de mat\u00e9riaux recycl\u00e9s et au moins 40 % de contenu recycl\u00e9, ce produit ne repr\u00e9sente qu&#8217;une de nos solutions pour contribuer \u00e0 mettre fin aux d\u00e9chets plastiques.<\/p>\n","protected":false},"featured_media":464787,"template":"","meta":{"_et_pb_use_builder":"","_et_pb_old_content":"","_et_gb_content_width":""},"product_brand":[],"product_cat":[1049],"product_tag":[],"class_list":{"0":"post-459759","1":"product","2":"type-product","3":"status-publish","4":"has-post-thumbnail","6":"product_cat-bas-soccer","8":"first","9":"instock","10":"taxable","11":"shipping-taxable","12":"purchasable","13":"product-type-variable"},"tiered_pricing_type":"fixed","tiered_pricing_fixed_rules":[],"tiered_pricing_product_settings":{"layout":"default","base_unit_name":{"singular":null,"plural":null},"default_variation":null},"tiered_pricing_minimum_quantity":null,"tiered_pricing_roles_data":[],"tiered_pricing_percentage_rules":[],"_links":{"self":[{"href":"https:\/\/influencesport.ca\/en\/wp-json\/wp\/v2\/product\/459759","targetHints":{"allow":["GET"]}}],"collection":[{"href":"https:\/\/influencesport.ca\/en\/wp-json\/wp\/v2\/product"}],"about":[{"href":"https:\/\/influencesport.ca\/en\/wp-json\/wp\/v2\/types\/product"}],"wp:featuredmedia":[{"embeddable":true,"href":"https:\/\/influencesport.ca\/en\/wp-json\/wp\/v2\/media\/464787"}],"wp:attachment":[{"href":"https:\/\/influencesport.ca\/en\/wp-json\/wp\/v2\/media?parent=459759"}],"wp:term":[{"taxonomy":"product_brand","embeddable":true,"href":"https:\/\/influencesport.ca\/en\/wp-json\/wp\/v2\/product_brand?post=459759"},{"taxonomy":"product_cat","embeddable":true,"href":"https:\/\/influencesport.ca\/en\/wp-json\/wp\/v2\/product_cat?post=459759"},{"taxonomy":"product_tag","embeddable":true,"href":"https:\/\/influencesport.ca\/en\/wp-json\/wp\/v2\/product_tag?post=459759"}],"curies":[{"name":"wp","href":"https:\/\/api.w.org\/{rel}","templated":true}]}}