{"id":459582,"date":"2023-09-02T08:51:15","date_gmt":"2023-09-02T12:51:15","guid":{"rendered":"https:\/\/influencesport.ca\/?post_type=product&#038;p=459582"},"modified":"2026-04-24T14:24:53","modified_gmt":"2026-04-24T18:24:53","slug":"adidas-milano-sock-23-noir","status":"publish","type":"product","link":"https:\/\/influencesport.ca\/en\/produit\/adidas-milano-sock-23-noir\/","title":{"rendered":"Adidas Milano Sock 23 Black"},"content":{"rendered":"","protected":false},"excerpt":{"rendered":"<p class=\"subtitle___9ljbp\"><strong>D\u00e9tails sur le produit : HT6538<\/strong><\/p>\n<p class=\"gl-vspace\">Concentre-toi sur le jeu tout en confort. Ces chaussettes de football adidas haute performance poss\u00e8dent un soutien de la vo\u00fbte plantaire et des zones matelass\u00e9es pour un amorti cibl\u00e9. La technologie AEROREADY absorbe la transpiration pour garder tes pieds au sec quand tu travailles ta technique. Con\u00e7u \u00e0 partir de mati\u00e8res recycl\u00e9es, et contenant 60\u00a0% minimum de mat\u00e9riaux recycl\u00e9s, ce produit ne constitue qu&#8217;une de nos solutions pour lutter contre les d\u00e9chets plastiques.<\/p>\n","protected":false},"featured_media":464795,"template":"","meta":{"_et_pb_use_builder":"","_et_pb_old_content":"","_et_gb_content_width":""},"product_brand":[],"product_cat":[1049],"product_tag":[],"class_list":{"0":"post-459582","1":"product","2":"type-product","3":"status-publish","4":"has-post-thumbnail","6":"product_cat-bas-soccer","8":"first","9":"instock","10":"taxable","11":"shipping-taxable","12":"purchasable","13":"product-type-variable"},"tiered_pricing_type":"fixed","tiered_pricing_fixed_rules":[],"tiered_pricing_product_settings":{"layout":"default","base_unit_name":{"singular":null,"plural":null},"default_variation":null},"tiered_pricing_minimum_quantity":null,"tiered_pricing_roles_data":[],"tiered_pricing_percentage_rules":[],"_links":{"self":[{"href":"https:\/\/influencesport.ca\/en\/wp-json\/wp\/v2\/product\/459582","targetHints":{"allow":["GET"]}}],"collection":[{"href":"https:\/\/influencesport.ca\/en\/wp-json\/wp\/v2\/product"}],"about":[{"href":"https:\/\/influencesport.ca\/en\/wp-json\/wp\/v2\/types\/product"}],"wp:featuredmedia":[{"embeddable":true,"href":"https:\/\/influencesport.ca\/en\/wp-json\/wp\/v2\/media\/464795"}],"wp:attachment":[{"href":"https:\/\/influencesport.ca\/en\/wp-json\/wp\/v2\/media?parent=459582"}],"wp:term":[{"taxonomy":"product_brand","embeddable":true,"href":"https:\/\/influencesport.ca\/en\/wp-json\/wp\/v2\/product_brand?post=459582"},{"taxonomy":"product_cat","embeddable":true,"href":"https:\/\/influencesport.ca\/en\/wp-json\/wp\/v2\/product_cat?post=459582"},{"taxonomy":"product_tag","embeddable":true,"href":"https:\/\/influencesport.ca\/en\/wp-json\/wp\/v2\/product_tag?post=459582"}],"curies":[{"name":"wp","href":"https:\/\/api.w.org\/{rel}","templated":true}]}}