{"id":459414,"date":"2023-08-31T21:57:41","date_gmt":"2023-09-01T01:57:41","guid":{"rendered":"https:\/\/influencesport.ca\/?post_type=product&#038;p=459414"},"modified":"2025-06-23T10:29:43","modified_gmt":"2025-06-23T14:29:43","slug":"nike-t-shirt-paris-saint-germain","status":"publish","type":"product","link":"https:\/\/influencesport.ca\/en\/produit\/nike-t-shirt-paris-saint-germain\/","title":{"rendered":"Nike T-Shirt Paris Saint-Germain"},"content":{"rendered":"","protected":false},"excerpt":{"rendered":"<p><strong>D\u00e9tails sur le produit : DJ1315-100<\/strong><\/p>\n<p>C\u00e9l\u00e9brez votre \u00e9quipe avec le t-shirt Paris Saint-Germain. Il est confectionn\u00e9 dans un tissu doux pour plus de confort. L&#8217;\u00e9cusson et les couleurs embl\u00e9matiques soulignent votre fiert\u00e9.<\/p>\n<p>Caract\u00e9ristiques:<\/p>\n<ul>\n<li>Col ras du cou c\u00f4tel\u00e9<\/li>\n<li>Coupe standard pour une sensation de d\u00e9tente et de facilit\u00e9<\/li>\n<li>Composition : 100% coton<\/li>\n<li>Lavage en machine<\/li>\n<\/ul>\n","protected":false},"featured_media":556619,"template":"","meta":{"_et_pb_use_builder":"","_et_pb_old_content":"","_et_gb_content_width":""},"product_brand":[],"product_cat":[92,1376,20],"product_tag":[],"class_list":{"0":"post-459414","1":"product","2":"type-product","3":"status-publish","4":"has-post-thumbnail","6":"product_cat-articles-de-club","7":"product_cat-chandails-vetements","8":"product_cat-vetements","10":"first","11":"instock","12":"taxable","13":"shipping-taxable","14":"purchasable","15":"product-type-variable"},"tiered_pricing_type":"fixed","tiered_pricing_fixed_rules":[],"tiered_pricing_product_settings":{"layout":"default","base_unit_name":{"singular":null,"plural":null},"default_variation":null},"tiered_pricing_minimum_quantity":null,"tiered_pricing_roles_data":[],"tiered_pricing_percentage_rules":[],"_links":{"self":[{"href":"https:\/\/influencesport.ca\/en\/wp-json\/wp\/v2\/product\/459414","targetHints":{"allow":["GET"]}}],"collection":[{"href":"https:\/\/influencesport.ca\/en\/wp-json\/wp\/v2\/product"}],"about":[{"href":"https:\/\/influencesport.ca\/en\/wp-json\/wp\/v2\/types\/product"}],"wp:featuredmedia":[{"embeddable":true,"href":"https:\/\/influencesport.ca\/en\/wp-json\/wp\/v2\/media\/556619"}],"wp:attachment":[{"href":"https:\/\/influencesport.ca\/en\/wp-json\/wp\/v2\/media?parent=459414"}],"wp:term":[{"taxonomy":"product_brand","embeddable":true,"href":"https:\/\/influencesport.ca\/en\/wp-json\/wp\/v2\/product_brand?post=459414"},{"taxonomy":"product_cat","embeddable":true,"href":"https:\/\/influencesport.ca\/en\/wp-json\/wp\/v2\/product_cat?post=459414"},{"taxonomy":"product_tag","embeddable":true,"href":"https:\/\/influencesport.ca\/en\/wp-json\/wp\/v2\/product_tag?post=459414"}],"curies":[{"name":"wp","href":"https:\/\/api.w.org\/{rel}","templated":true}]}}