{"id":458969,"date":"2023-08-28T01:02:06","date_gmt":"2023-08-28T05:02:06","guid":{"rendered":"https:\/\/influencesport.ca\/?post_type=product&#038;p=458969"},"modified":"2026-02-18T14:40:48","modified_gmt":"2026-02-18T19:40:48","slug":"chandail-miami-blanc-adulte","status":"publish","type":"product","link":"https:\/\/influencesport.ca\/en\/produit\/chandail-miami-blanc-adulte\/","title":{"rendered":"Chandail Miami Blanc Adulte"},"content":{"rendered":"","protected":false},"excerpt":{"rendered":"<p><strong>D\u00e9tails sur le produit : JE9513<\/strong><\/p>\n<p>Accueillez Lionel Messi \u00e0 Miami avec ce t-shirt adidas doux au design audacieux et aux couleurs inspir\u00e9es de Miami. Le logo Messi x Miami x #10 repr\u00e9sente l&#8217;arriv\u00e9e du GOAT dans la ville.<\/p>\n","protected":false},"featured_media":556636,"template":"","meta":{"_et_pb_use_builder":"","_et_pb_old_content":"","_et_gb_content_width":""},"product_brand":[],"product_cat":[92,1376,20],"product_tag":[],"class_list":{"0":"post-458969","1":"product","2":"type-product","3":"status-publish","4":"has-post-thumbnail","6":"product_cat-articles-de-club","7":"product_cat-chandails-vetements","8":"product_cat-vetements","10":"first","11":"instock","12":"taxable","13":"shipping-taxable","14":"purchasable","15":"product-type-variable"},"tiered_pricing_type":"fixed","tiered_pricing_fixed_rules":[],"tiered_pricing_product_settings":{"layout":"default","base_unit_name":{"singular":null,"plural":null},"default_variation":null},"tiered_pricing_minimum_quantity":null,"tiered_pricing_roles_data":[],"tiered_pricing_percentage_rules":[],"_links":{"self":[{"href":"https:\/\/influencesport.ca\/en\/wp-json\/wp\/v2\/product\/458969","targetHints":{"allow":["GET"]}}],"collection":[{"href":"https:\/\/influencesport.ca\/en\/wp-json\/wp\/v2\/product"}],"about":[{"href":"https:\/\/influencesport.ca\/en\/wp-json\/wp\/v2\/types\/product"}],"wp:featuredmedia":[{"embeddable":true,"href":"https:\/\/influencesport.ca\/en\/wp-json\/wp\/v2\/media\/556636"}],"wp:attachment":[{"href":"https:\/\/influencesport.ca\/en\/wp-json\/wp\/v2\/media?parent=458969"}],"wp:term":[{"taxonomy":"product_brand","embeddable":true,"href":"https:\/\/influencesport.ca\/en\/wp-json\/wp\/v2\/product_brand?post=458969"},{"taxonomy":"product_cat","embeddable":true,"href":"https:\/\/influencesport.ca\/en\/wp-json\/wp\/v2\/product_cat?post=458969"},{"taxonomy":"product_tag","embeddable":true,"href":"https:\/\/influencesport.ca\/en\/wp-json\/wp\/v2\/product_tag?post=458969"}],"curies":[{"name":"wp","href":"https:\/\/api.w.org\/{rel}","templated":true}]}}