{"id":456076,"date":"2023-08-21T00:52:18","date_gmt":"2023-08-21T04:52:18","guid":{"rendered":"https:\/\/influencesport.ca\/?post_type=product&#038;p=456076"},"modified":"2026-01-27T10:35:23","modified_gmt":"2026-01-27T15:35:23","slug":"adidas-t-shirt-m10","status":"publish","type":"product","link":"https:\/\/influencesport.ca\/en\/produit\/adidas-t-shirt-m10\/","title":{"rendered":"Adidas T-Shirt M10"},"content":{"rendered":"","protected":false},"excerpt":{"rendered":"<p><strong>D\u00e9tails sur le produit : JF4290<\/strong><\/p>\n<p>Affichez votre passion pour le beau jeu avec ce maillot Messi \u00e0 manches courtes adidas. Son jersey de coton doux vous offrira un confort optimal o\u00f9 que vous alliez. Le num\u00e9ro 10 embl\u00e9matique de Messi dans le dos et son logo accrocheur sur la poitrine t\u00e9moignent de votre passion pour la perfection footballistique.<\/p>\n","protected":false},"featured_media":567360,"template":"","meta":{"_et_pb_use_builder":"","_et_pb_old_content":"","_et_gb_content_width":""},"product_brand":[],"product_cat":[1376,20],"product_tag":[],"class_list":{"0":"post-456076","1":"product","2":"type-product","3":"status-publish","4":"has-post-thumbnail","6":"product_cat-chandails-vetements","7":"product_cat-vetements","9":"first","10":"instock","11":"taxable","12":"shipping-taxable","13":"purchasable","14":"product-type-variable"},"tiered_pricing_type":"fixed","tiered_pricing_fixed_rules":[],"tiered_pricing_product_settings":{"layout":"default","base_unit_name":{"singular":null,"plural":null},"default_variation":null},"tiered_pricing_minimum_quantity":null,"tiered_pricing_roles_data":[],"tiered_pricing_percentage_rules":[],"_links":{"self":[{"href":"https:\/\/influencesport.ca\/en\/wp-json\/wp\/v2\/product\/456076","targetHints":{"allow":["GET"]}}],"collection":[{"href":"https:\/\/influencesport.ca\/en\/wp-json\/wp\/v2\/product"}],"about":[{"href":"https:\/\/influencesport.ca\/en\/wp-json\/wp\/v2\/types\/product"}],"wp:featuredmedia":[{"embeddable":true,"href":"https:\/\/influencesport.ca\/en\/wp-json\/wp\/v2\/media\/567360"}],"wp:attachment":[{"href":"https:\/\/influencesport.ca\/en\/wp-json\/wp\/v2\/media?parent=456076"}],"wp:term":[{"taxonomy":"product_brand","embeddable":true,"href":"https:\/\/influencesport.ca\/en\/wp-json\/wp\/v2\/product_brand?post=456076"},{"taxonomy":"product_cat","embeddable":true,"href":"https:\/\/influencesport.ca\/en\/wp-json\/wp\/v2\/product_cat?post=456076"},{"taxonomy":"product_tag","embeddable":true,"href":"https:\/\/influencesport.ca\/en\/wp-json\/wp\/v2\/product_tag?post=456076"}],"curies":[{"name":"wp","href":"https:\/\/api.w.org\/{rel}","templated":true}]}}