{"id":454620,"date":"2023-07-29T01:06:40","date_gmt":"2023-07-29T05:06:40","guid":{"rendered":"https:\/\/influencesport.ca\/?post_type=product&#038;p=454620"},"modified":"2026-02-18T14:37:59","modified_gmt":"2026-02-18T19:37:59","slug":"nike-bas-strike-mi-mollet-2","status":"publish","type":"product","link":"https:\/\/influencesport.ca\/en\/produit\/nike-bas-strike-mi-mollet-2\/","title":{"rendered":"Nike Bas Strike Mi-Mollet"},"content":{"rendered":"","protected":false},"excerpt":{"rendered":"<p><strong>D\u00e9tails sur le produit : DH6620-010<\/strong><\/p>\n<p>Ces chaussettes sont pr\u00eates pour l&#8217;action. La technologie anti-transpiration vous permet de rester au sec et \u00e0 l&#8217;aise, que vous vous entra\u00eeniez \u00e0 dribbler ou que vous c\u00e9l\u00e9briez la victoire de votre \u00e9quipe.<\/p>\n","protected":false},"featured_media":566079,"template":"","meta":{"_et_pb_use_builder":"","_et_pb_old_content":"","_et_gb_content_width":""},"product_brand":[],"product_cat":[1049],"product_tag":[],"class_list":{"0":"post-454620","1":"product","2":"type-product","3":"status-publish","4":"has-post-thumbnail","6":"product_cat-bas-soccer","8":"first","9":"instock","10":"taxable","11":"shipping-taxable","12":"purchasable","13":"product-type-variable"},"tiered_pricing_type":"fixed","tiered_pricing_fixed_rules":[],"tiered_pricing_product_settings":{"layout":"default","base_unit_name":{"singular":null,"plural":null},"default_variation":null},"tiered_pricing_minimum_quantity":null,"tiered_pricing_roles_data":[],"tiered_pricing_percentage_rules":[],"_links":{"self":[{"href":"https:\/\/influencesport.ca\/en\/wp-json\/wp\/v2\/product\/454620","targetHints":{"allow":["GET"]}}],"collection":[{"href":"https:\/\/influencesport.ca\/en\/wp-json\/wp\/v2\/product"}],"about":[{"href":"https:\/\/influencesport.ca\/en\/wp-json\/wp\/v2\/types\/product"}],"wp:featuredmedia":[{"embeddable":true,"href":"https:\/\/influencesport.ca\/en\/wp-json\/wp\/v2\/media\/566079"}],"wp:attachment":[{"href":"https:\/\/influencesport.ca\/en\/wp-json\/wp\/v2\/media?parent=454620"}],"wp:term":[{"taxonomy":"product_brand","embeddable":true,"href":"https:\/\/influencesport.ca\/en\/wp-json\/wp\/v2\/product_brand?post=454620"},{"taxonomy":"product_cat","embeddable":true,"href":"https:\/\/influencesport.ca\/en\/wp-json\/wp\/v2\/product_cat?post=454620"},{"taxonomy":"product_tag","embeddable":true,"href":"https:\/\/influencesport.ca\/en\/wp-json\/wp\/v2\/product_tag?post=454620"}],"curies":[{"name":"wp","href":"https:\/\/api.w.org\/{rel}","templated":true}]}}