{"id":454308,"date":"2023-07-23T01:05:03","date_gmt":"2023-07-23T05:05:03","guid":{"rendered":"https:\/\/influencesport.ca\/?post_type=product&#038;p=454308"},"modified":"2026-04-03T11:35:58","modified_gmt":"2026-04-03T15:35:58","slug":"nike-refuel-bottle-18oz-gris","status":"publish","type":"product","link":"https:\/\/influencesport.ca\/en\/produit\/nike-refuel-bottle-18oz-gris\/","title":{"rendered":"Nike Refuel Bottle 18oz Gris"},"content":{"rendered":"","protected":false},"excerpt":{"rendered":"<p><strong>D\u00e9tails sur le produit : N.100.7665.086.18<\/strong><\/p>\n<p>Restez hydrat\u00e9 et rafra\u00eechi o\u00f9 que vous soyez, quoi que vous fassiez avec la bouteille Nike Refuel 18 OZ. Fabriqu\u00e9 dans un mat\u00e9riau compressible pour une hydratation rapide en d\u00e9placement. Dispose d\u2019une zone pour l\u2019identification du joueur afin de personnaliser votre bouteille et dispose d\u2019un bouchon d\u00e9vissable pour une ouverture et une consommation faciles. La surface textur\u00e9e est facile \u00e0 tenir. La bouteille tient confortablement dans votre main. Laver avant utilisation. Couvercle lavable au lave-vaisselle. R\u00e9cipient lavable \u00e0 la main. 18 OZ \/ Sans BPA.<\/p>\n","protected":false},"featured_media":565957,"template":"","meta":{"_et_pb_use_builder":"","_et_pb_old_content":"","_et_gb_content_width":""},"product_brand":[],"product_cat":[1051,1388],"product_tag":[],"class_list":{"0":"post-454308","1":"product","2":"type-product","3":"status-publish","4":"has-post-thumbnail","6":"product_cat-accessoires-divers","7":"product_cat-bouteille","9":"first","10":"instock","11":"taxable","12":"shipping-taxable","13":"purchasable","14":"product-type-simple"},"tiered_pricing_type":"fixed","tiered_pricing_fixed_rules":[],"tiered_pricing_product_settings":{"layout":"default","base_unit_name":{"singular":null,"plural":null},"default_variation":null},"tiered_pricing_minimum_quantity":null,"tiered_pricing_roles_data":[],"tiered_pricing_percentage_rules":[],"_links":{"self":[{"href":"https:\/\/influencesport.ca\/en\/wp-json\/wp\/v2\/product\/454308","targetHints":{"allow":["GET"]}}],"collection":[{"href":"https:\/\/influencesport.ca\/en\/wp-json\/wp\/v2\/product"}],"about":[{"href":"https:\/\/influencesport.ca\/en\/wp-json\/wp\/v2\/types\/product"}],"wp:featuredmedia":[{"embeddable":true,"href":"https:\/\/influencesport.ca\/en\/wp-json\/wp\/v2\/media\/565957"}],"wp:attachment":[{"href":"https:\/\/influencesport.ca\/en\/wp-json\/wp\/v2\/media?parent=454308"}],"wp:term":[{"taxonomy":"product_brand","embeddable":true,"href":"https:\/\/influencesport.ca\/en\/wp-json\/wp\/v2\/product_brand?post=454308"},{"taxonomy":"product_cat","embeddable":true,"href":"https:\/\/influencesport.ca\/en\/wp-json\/wp\/v2\/product_cat?post=454308"},{"taxonomy":"product_tag","embeddable":true,"href":"https:\/\/influencesport.ca\/en\/wp-json\/wp\/v2\/product_tag?post=454308"}],"curies":[{"name":"wp","href":"https:\/\/api.w.org\/{rel}","templated":true}]}}