{"id":453820,"date":"2023-07-07T01:00:06","date_gmt":"2023-07-07T05:00:06","guid":{"rendered":"https:\/\/influencesport.ca\/?post_type=product&#038;p=453820"},"modified":"2026-04-03T11:35:11","modified_gmt":"2026-04-03T15:35:11","slug":"nike-protege-tibia-charge-noir","status":"publish","type":"product","link":"https:\/\/influencesport.ca\/en\/produit\/nike-protege-tibia-charge-noir\/","title":{"rendered":"Nike Prot\u00e8ge-Tibia Charge Noir"},"content":{"rendered":"","protected":false},"excerpt":{"rendered":"<p><strong>D\u00e9tails sur le produit : DX4608-010<\/strong><\/p>\n<p>La s\u00e9curit\u00e9 ne devrait pas vous emp\u00eacher de jouer \u00e0 votre meilleur jeu. Avec une coque rigide qui cr\u00e9e une couverture discr\u00e8te, ces prot\u00e8ge-tibias ont \u00e9galement un dos en mousse pour plus de confort, vous permettant de donner des coups de pied et de passer confortablement.<\/p>\n<p>Nike Charge Garde<br \/>\n43 % polypropyl\u00e8ne (PP)\/33 % \u00e9thyl\u00e8ne-ac\u00e9tate de vinyle (EVA)\/17 % polyester\/7 % caoutchouc<br \/>\nLavage des mains<\/p>\n","protected":false},"featured_media":485967,"template":"","meta":{"_et_pb_use_builder":"","_et_pb_old_content":"","_et_gb_content_width":""},"product_brand":[],"product_cat":[1374,1054],"product_tag":[],"class_list":{"0":"post-453820","1":"product","2":"type-product","3":"status-publish","4":"has-post-thumbnail","6":"product_cat-avec-chevillieres-proteges-tibias","7":"product_cat-proteges-tibias","9":"first","10":"instock","11":"taxable","12":"shipping-taxable","13":"purchasable","14":"product-type-variable"},"tiered_pricing_type":"fixed","tiered_pricing_fixed_rules":[],"tiered_pricing_product_settings":{"layout":"default","base_unit_name":{"singular":null,"plural":null},"default_variation":null},"tiered_pricing_minimum_quantity":null,"tiered_pricing_roles_data":[],"tiered_pricing_percentage_rules":[],"_links":{"self":[{"href":"https:\/\/influencesport.ca\/en\/wp-json\/wp\/v2\/product\/453820","targetHints":{"allow":["GET"]}}],"collection":[{"href":"https:\/\/influencesport.ca\/en\/wp-json\/wp\/v2\/product"}],"about":[{"href":"https:\/\/influencesport.ca\/en\/wp-json\/wp\/v2\/types\/product"}],"wp:featuredmedia":[{"embeddable":true,"href":"https:\/\/influencesport.ca\/en\/wp-json\/wp\/v2\/media\/485967"}],"wp:attachment":[{"href":"https:\/\/influencesport.ca\/en\/wp-json\/wp\/v2\/media?parent=453820"}],"wp:term":[{"taxonomy":"product_brand","embeddable":true,"href":"https:\/\/influencesport.ca\/en\/wp-json\/wp\/v2\/product_brand?post=453820"},{"taxonomy":"product_cat","embeddable":true,"href":"https:\/\/influencesport.ca\/en\/wp-json\/wp\/v2\/product_cat?post=453820"},{"taxonomy":"product_tag","embeddable":true,"href":"https:\/\/influencesport.ca\/en\/wp-json\/wp\/v2\/product_tag?post=453820"}],"curies":[{"name":"wp","href":"https:\/\/api.w.org\/{rel}","templated":true}]}}